{"id":85,"date":"2024-07-31T09:10:14","date_gmt":"2024-07-31T07:10:14","guid":{"rendered":"https:\/\/seniorgr.eu\/statuten\/"},"modified":"2024-10-29T21:38:36","modified_gmt":"2024-10-29T20:38:36","slug":"statuten","status":"publish","type":"page","link":"https:\/\/seniorgr.eu\/lu\/statuten\/","title":{"rendered":"Statuten"},"content":{"rendered":"<h2>Statuten<\/h2>\n<h4><em>Software-gemaach Iwwersetzung; d\u00e9i frans\u00e9isch Versioun herrscht<\/em>\u00a0<\/h4>\n<h1>Preambel<\/h1>\n<p style=\"font-weight: 400;\"> < em>D&#8217;G\u00e9igend vun der Groussregioun erliewt eng d\u00e9if demographesch (r)Evolutioun.<\/em><\/p>\n<p style=\"font-weight: 400;\"><em>Aktuell ronn ee vu f\u00ebnnef Leit ass 65 Joer al oder m\u00e9i al. D&#8217;Prognose ginn dovun aus, datt d&#8217;Zuel vun de Leit iwwer 65 bis 2050 \u00ebm ronn 40% op m\u00e9i w\u00e9i 900.000 eropgeet. Ausserdeem sinn haut m\u00e9i w\u00e9i d\u2019Halschent vum Fleegepersonal pension\u00e9iert, an hiren Undeel an der Gesellschaft wiisst st\u00e4nneg.<\/em><\/p>\n<p style=\"font-weight: 400;\"><em>D&#8217;Senioren &#8216; Groussregiounsrot, dee vun engag\u00e9ierten Senioren \u00ebnnerst\u00ebtzt g\u00ebtt a vun de Verwaltungen vun der Groussregioun \u00ebnnerst\u00ebtzt g\u00ebtt, huet sech d&#8217;Zil gesat, d&#8217;Liewenssituatioun vun de Senioren an der Groussregioun ze verbesseren. D\u2019Bild vum Alter, dat meeschtens mat Frailit\u00e9it a gesondheetlechen a mentaler Aschr\u00e4nkungen verbonnen ass, soll duerch d\u2019Projetaarbecht ge\u00e4nnert ginn an d\u00e9i positiv Aspekter vum Alter sollen an de Virdergrond gestallt ginn. De Projet vum Senior Citizens Council zielt och d&#8217;Aarbecht vun de Familljen a Fr\u00e4iw\u00eblleger an der Groussregioun ze verbesseren an ze f\u00f6rderen.<\/em><\/p>\n<p style=\"font-weight: 400;\"><em>Im As part vun der grenziwwerschreidender Zesummenaarbecht t\u00ebscht m\u00e9i w\u00e9i 20 Partner aus der Groussregioun &#8211; duerch den Interreg-Programm &#8220;Senior activ&#8221; fonnt &#8211; gi vill Offere gemaach a Moossnamen ausgeschafft an \u00ebmgesat, fir den zoust\u00e4nnegen Onofh\u00e4ngegkeetsverloscht vun de Senioren positiv ze beaflossen. Zentral Themen sinn d&#8217;technesch Ausr\u00fcstung an d&#8217;strukturell Adaptatioun vun Appartementer, d&#8217;Vermeidung vu sozialer Isolatioun an Einsamkeet, a professionell \u00cbnnerst\u00ebtzung a Betreiung. Donieft sollen d\u00ebs Moossnamen zu enger m\u00e9i breeder Verdeelung vu Pr\u00e4ventiouns- a Gesondheetsofferen b\u00e4idroen, souw\u00e9i zu engem m\u00e9i staarken Netzwierk vu Vollz\u00e4it- a Fr\u00e4iw\u00ebllegen Experten, d\u00e9i an der Groussregioun an der Seniorenaarbecht schaffen.<\/em><\/p>\n<p style=\"font-weight: 400;\"><em>\u00a0<\/em>Senior Council of the Greater Region a.s.b.l.<\/p>\n<h2 style=\"font- weight: 400;\"><strong>Statuten<\/strong><\/h2>\n<p style=\"font-weight: 400;\"><em>Eng Associatioun ouni Gew\u00ebnnzweck gouf t\u00ebscht d&#8217;\u00cbnnerschr\u00ebften an all d\u00e9i, d\u00e9i duerno gegr\u00ebnnt ageholl ginn, wat duerch d\u00ebse Statuten an dem ge\u00e4nnerte Gesetz vum 7. August 2023 iwwer Asbl a St\u00ebftungen geregelt g\u00ebtt.<\/em><\/p>\n<h3 style=\"font- weight: 400;\"><em>\u00a0< \/em>Titel I &#8211; Numm &#8211; S\u00ebtz &#8211; Dauer<\/h3>\n<p style=\"font-weight: 400;\"><strong style=\"font -Style: inherent; font-family: var( --e-global-typography-text-font-family), sans-serif; text-align: var(--text-align);\">Art. 1 &#8211; <\/strong>De Ver\u00e4in heescht &#8220;Conseil des Seniors de la Grande Region asbl&#8221; (Conseil Senioren vun der Groussregioun a.s.b.l.). (CSGR).<\/p>\n<p style=\"font-weight: 400;\"><strong>Art. 2 &#8211; <\/strong>\u00c4r registr\u00e9iert B\u00fcro ass zu Schengen. Si kann no Decisioun vum Verwaltungsrot op all aner Plaz am Grand-Duch\u00e9 verluecht ginn.<\/p>\n<p style=\"font-weight: 400;\"><strong>Art. 3 &#8211; <\/strong>D&#8217;Dauer vun der Associatioun ass onlimit\u00e9iert.<\/p>\n<h3 style=\"font-weight: 400;\"><strong>Titel II &#8211; Zweck<\/strong><\/h3>\n<p style= \" font-weight: 400;\"><strong style=\"font-style: inherit; font-family: var( --e-global-typography-text-font-family ), sans-serif; text-align: var ( --text-align);\">Art. 4 &#8211; <\/strong>Zil vum Ver\u00e4in ass et, d\u2019Wuelbefanne vun den eelere Leit (Senioren) an der Groussregioun ze f\u00f6rderen, d\u2019Participatioun vun de Senioren an der Gesellschaft ze st\u00e4erken, gemeinsam Problemer unzegoen, d\u00e9i an der Groussregioun entstinn. a fir bescht Praxis-Austausch ze benotzen.<\/p>\n<p style=\"font-weight: 400;\">Den Associatioun kann all Ariichtungen, Institutiounen oder Wierker gr\u00ebnnen oder iwwerhuelen, all beweeglech an onbeweeglech Verm\u00e9igen kr\u00e9ien, d\u00e9i sinn n\u00e9ideg fir d&#8217;Realis\u00e9ierung vum Zweck oder den Zwecker, fir d\u00e9i se gegr\u00ebnnt gouf, sinn n\u00e9ideg a maachen all allgemeng arbitr\u00e4r Handlungen, d\u00e9i<\/p>\n","protected":false},"excerpt":{"rendered":"<p>Statuten Software-gemaach Iwwersetzung; d\u00e9i frans\u00e9isch Versioun herrscht\u00a0 Preambel < em>D&#8217;G\u00e9igend vun der Groussregioun erliewt eng d\u00e9if demographesch (r)Evolutioun. Aktuell ronn ee vu f\u00ebnnef Leit ass 65 Joer al oder m\u00e9i [&hellip;]<\/p>\n","protected":false},"author":1,"featured_media":0,"parent":0,"menu_order":0,"comment_status":"closed","ping_status":"closed","template":"","meta":{"_acf_changed":false,"site-sidebar-layout":"default","site-content-layout":"","ast-site-content-layout":"","site-content-style":"default","site-sidebar-style":"default","ast-global-header-display":"","ast-banner-title-visibility":"","ast-main-header-display":"","ast-hfb-above-header-display":"","ast-hfb-below-header-display":"","ast-hfb-mobile-header-display":"","site-post-title":"","ast-breadcrumbs-content":"","ast-featured-img":"","footer-sml-layout":"","theme-transparent-header-meta":"","adv-header-id-meta":"","stick-header-meta":"","header-above-stick-meta":"","header-main-stick-meta":"","header-below-stick-meta":"","astra-migrate-meta-layouts":"default","ast-page-background-enabled":"default","ast-page-background-meta":{"desktop":{"background-color":"var(--ast-global-color-4)","background-image":"","background-repeat":"repeat","background-position":"center center","background-size":"auto","background-attachment":"scroll","background-type":"","background-media":"","overlay-type":"","overlay-color":"","overlay-opacity":"","overlay-gradient":""},"tablet":{"background-color":"","background-image":"","background-repeat":"repeat","background-position":"center center","background-size":"auto","background-attachment":"scroll","background-type":"","background-media":"","overlay-type":"","overlay-color":"","overlay-opacity":"","overlay-gradient":""},"mobile":{"background-color":"","background-image":"","background-repeat":"repeat","background-position":"center center","background-size":"auto","background-attachment":"scroll","background-type":"","background-media":"","overlay-type":"","overlay-color":"","overlay-opacity":"","overlay-gradient":""}},"ast-content-background-meta":{"desktop":{"background-color":"var(--ast-global-color-5)","background-image":"","background-repeat":"repeat","background-position":"center center","background-size":"auto","background-attachment":"scroll","background-type":"","background-media":"","overlay-type":"","overlay-color":"","overlay-opacity":"","overlay-gradient":""},"tablet":{"background-color":"var(--ast-global-color-5)","background-image":"","background-repeat":"repeat","background-position":"center center","background-size":"auto","background-attachment":"scroll","background-type":"","background-media":"","overlay-type":"","overlay-color":"","overlay-opacity":"","overlay-gradient":""},"mobile":{"background-color":"var(--ast-global-color-5)","background-image":"","background-repeat":"repeat","background-position":"center center","background-size":"auto","background-attachment":"scroll","background-type":"","background-media":"","overlay-type":"","overlay-color":"","overlay-opacity":"","overlay-gradient":""}},"footnotes":""},"class_list":["post-85","page","type-page","status-publish","hentry"],"acf":[],"_links":{"self":[{"href":"https:\/\/seniorgr.eu\/lu\/wp-json\/wp\/v2\/pages\/85","targetHints":{"allow":["GET"]}}],"collection":[{"href":"https:\/\/seniorgr.eu\/lu\/wp-json\/wp\/v2\/pages"}],"about":[{"href":"https:\/\/seniorgr.eu\/lu\/wp-json\/wp\/v2\/types\/page"}],"author":[{"embeddable":true,"href":"https:\/\/seniorgr.eu\/lu\/wp-json\/wp\/v2\/users\/1"}],"replies":[{"embeddable":true,"href":"https:\/\/seniorgr.eu\/lu\/wp-json\/wp\/v2\/comments?post=85"}],"version-history":[{"count":3,"href":"https:\/\/seniorgr.eu\/lu\/wp-json\/wp\/v2\/pages\/85\/revisions"}],"predecessor-version":[{"id":2067,"href":"https:\/\/seniorgr.eu\/lu\/wp-json\/wp\/v2\/pages\/85\/revisions\/2067"}],"wp:attachment":[{"href":"https:\/\/seniorgr.eu\/lu\/wp-json\/wp\/v2\/media?parent=85"}],"curies":[{"name":"wp","href":"https:\/\/api.w.org\/{rel}","templated":true}]}}