{"id":1861,"date":"2024-10-18T23:50:34","date_gmt":"2024-10-18T21:50:34","guid":{"rendered":"https:\/\/seniorgr.eu\/blog-2\/"},"modified":"2024-10-19T23:20:44","modified_gmt":"2024-10-19T21:20:44","slug":"blog-2","status":"publish","type":"page","link":"https:\/\/seniorgr.eu\/lu\/blog-2\/","title":{"rendered":"Blog"},"content":{"rendered":"\t\t<div data-elementor-type=\"wp-page\" data-elementor-id=\"1861\" class=\"elementor elementor-1861\" data-elementor-post-type=\"page\">\n\t\t\t\t<div class=\"elementor-element elementor-element-eed0fc0 e-flex e-con-boxed e-con e-parent\" data-id=\"eed0fc0\" data-element_type=\"container\" data-e-type=\"container\">\n\t\t\t\t\t<div class=\"e-con-inner\">\n\t\t\t\t<div class=\"elementor-element elementor-element-a169633 elementor-widget elementor-widget-taxonomy-filter\" data-id=\"a169633\" data-element_type=\"widget\" data-e-type=\"widget\" data-settings=\"{&quot;selected_element&quot;:&quot;7563146&quot;,&quot;taxonomy&quot;:&quot;category&quot;,&quot;multiple_selection&quot;:&quot;no&quot;,&quot;horizontal_scroll&quot;:&quot;disable&quot;}\" data-widget_type=\"taxonomy-filter.default\">\n\t\t\t\t<div class=\"elementor-widget-container\">\n\t\t\t\t\t\t\t<search class=\"e-filter\" role=\"search\" data-base-url=\"https:\/\/seniorgr.eu\/lu\/\" data-page-num=\"1\">\n\t\t\t\t\t\t\t<button class=\"e-filter-item\" data-filter=\"digital-secherheet\" aria-pressed=\"false\">Digital S\u00e9cherheet<\/button>\n\t\t\t\t\t\t\t<button class=\"e-filter-item\" data-filter=\"effentlech\" aria-pressed=\"false\">\u00cbffentlech<\/button>\n\t\t\t\t\t\t\t<button class=\"e-filter-item\" data-filter=\"perseinlech-secherheet\" aria-pressed=\"false\">Pers\u00e9inlech S\u00e9cherheet<\/button>\n\t\t\t\t\t\t\t<button class=\"e-filter-item\" data-filter=\"secherheet-doheem\" aria-pressed=\"false\">S\u00e9cherheet doheem<\/button>\n\t\t\t\t\t\t\t<button class=\"e-filter-item\" data-filter=\"unkategorisiert\" aria-pressed=\"false\">Unkategorisiert<\/button>\n\t\t\t\n\t\t\t\t\t\t\t\t\t<button class=\"e-filter-item\" data-filter=\"__all\" aria-pressed=\"true\">\n\t\t\t\tAlleguer\t\t\t<\/button>\n\t\t\t\t\t<\/search>\n\t\t\t\t\t\t<\/div>\n\t\t\t\t<\/div>\n\t\t\t\t<div class=\"elementor-element elementor-element-7563146 elementor-grid-3 elementor-grid-tablet-2 elementor-grid-mobile-1 elementor-widget elementor-widget-loop-grid\" data-id=\"7563146\" data-element_type=\"widget\" data-e-type=\"widget\" data-settings=\"{&quot;template_id&quot;:631,&quot;_skin&quot;:&quot;post&quot;,&quot;columns&quot;:&quot;3&quot;,&quot;columns_tablet&quot;:&quot;2&quot;,&quot;columns_mobile&quot;:&quot;1&quot;,&quot;edit_handle_selector&quot;:&quot;[data-elementor-type=\\&quot;loop-item\\&quot;]&quot;,&quot;row_gap&quot;:{&quot;unit&quot;:&quot;px&quot;,&quot;size&quot;:&quot;&quot;,&quot;sizes&quot;:[]},&quot;row_gap_tablet&quot;:{&quot;unit&quot;:&quot;px&quot;,&quot;size&quot;:&quot;&quot;,&quot;sizes&quot;:[]},&quot;row_gap_mobile&quot;:{&quot;unit&quot;:&quot;px&quot;,&quot;size&quot;:&quot;&quot;,&quot;sizes&quot;:[]}}\" data-widget_type=\"loop-grid.post\">\n\t\t\t\t<div class=\"elementor-widget-container\">\n\t\t\t\t\t\t\t<div class=\"elementor-loop-container elementor-grid\" role=\"list\">\n\t\t<style id=\"loop-631\">.elementor-631 .elementor-element.elementor-element-42d6bb8{--display:flex;--flex-direction:column;--container-widget-width:100%;--container-widget-height:initial;--container-widget-flex-grow:0;--container-widget-align-self:initial;--flex-wrap-mobile:wrap;}.elementor-widget-theme-post-featured-image .widget-image-caption{color:var( --e-global-color-text );font-family:var( --e-global-typography-text-font-family ), Sans-serif;font-weight:var( --e-global-typography-text-font-weight );line-height:var( --e-global-typography-text-line-height );}.elementor-widget-theme-post-title .elementor-heading-title{font-family:var( --e-global-typography-primary-font-family ), Sans-serif;font-weight:var( --e-global-typography-primary-font-weight );color:var( --e-global-color-primary );}.elementor-widget-theme-post-excerpt .elementor-widget-container{font-family:var( --e-global-typography-text-font-family ), Sans-serif;font-weight:var( --e-global-typography-text-font-weight );line-height:var( --e-global-typography-text-line-height );color:var( --e-global-color-text );}.elementor-widget-button .elementor-button{font-family:var( --e-global-typography-accent-font-family ), Sans-serif;font-weight:var( --e-global-typography-accent-font-weight );background-color:var( --e-global-color-accent );}@media(max-width:1024px){.elementor-widget-theme-post-featured-image .widget-image-caption{line-height:var( --e-global-typography-text-line-height );}.elementor-widget-theme-post-excerpt .elementor-widget-container{line-height:var( --e-global-typography-text-line-height );}}@media(max-width:767px){.elementor-widget-theme-post-featured-image .widget-image-caption{line-height:var( --e-global-typography-text-line-height );}.elementor-widget-theme-post-excerpt .elementor-widget-container{line-height:var( --e-global-typography-text-line-height );}}<\/style>\t\t<div data-elementor-type=\"loop-item\" data-elementor-id=\"631\" class=\"elementor elementor-631 e-loop-item e-loop-item-4291 post-4291 post type-post status-publish format-standard hentry category-effentlech\" data-elementor-post-type=\"elementor_library\" data-custom-edit-handle=\"1\">\n\t\t\t<div class=\"elementor-element elementor-element-42d6bb8 e-flex e-con-boxed e-con e-parent\" data-id=\"42d6bb8\" data-element_type=\"container\" data-e-type=\"container\">\n\t\t\t\t\t<div class=\"e-con-inner\">\n\t\t\t\t<div class=\"elementor-element elementor-element-2d50ccb elementor-widget elementor-widget-theme-post-title elementor-page-title elementor-widget-heading\" data-id=\"2d50ccb\" data-element_type=\"widget\" data-e-type=\"widget\" data-widget_type=\"theme-post-title.default\">\n\t\t\t\t<div class=\"elementor-widget-container\">\n\t\t\t\t\t<h4 class=\"elementor-heading-title elementor-size-default\">Clip CSGR a 4 Sproochen<\/h4>\t\t\t\t<\/div>\n\t\t\t\t<\/div>\n\t\t\t\t<div class=\"elementor-element elementor-element-d04c6e6 elementor-widget elementor-widget-button\" data-id=\"d04c6e6\" data-element_type=\"widget\" data-e-type=\"widget\" data-widget_type=\"button.default\">\n\t\t\t\t<div class=\"elementor-widget-container\">\n\t\t\t\t\t\t\t\t\t<div class=\"elementor-button-wrapper\">\n\t\t\t\t\t<a class=\"elementor-button elementor-button-link elementor-size-sm\" href=\"https:\/\/seniorgr.eu\/lu\/clip-csgr-a-4-sproochen\/\">\n\t\t\t\t\t\t<span class=\"elementor-button-content-wrapper\">\n\t\t\t\t\t\t\t\t\t<span class=\"elementor-button-text\">weiterlesen<\/span>\n\t\t\t\t\t<\/span>\n\t\t\t\t\t<\/a>\n\t\t\t\t<\/div>\n\t\t\t\t\t\t\t\t<\/div>\n\t\t\t\t<\/div>\n\t\t\t\t\t<\/div>\n\t\t\t\t<\/div>\n\t\t\t\t<\/div>\n\t\t\t\t<div data-elementor-type=\"loop-item\" data-elementor-id=\"631\" class=\"elementor elementor-631 e-loop-item e-loop-item-1160 post-1160 post type-post status-publish format-standard has-post-thumbnail hentry category-effentlech\" data-elementor-post-type=\"elementor_library\" data-custom-edit-handle=\"1\">\n\t\t\t<div class=\"elementor-element elementor-element-42d6bb8 e-flex e-con-boxed e-con e-parent\" data-id=\"42d6bb8\" data-element_type=\"container\" data-e-type=\"container\">\n\t\t\t\t\t<div class=\"e-con-inner\">\n\t\t\t\t<div class=\"elementor-element elementor-element-4183571 elementor-widget elementor-widget-theme-post-featured-image elementor-widget-image\" data-id=\"4183571\" data-element_type=\"widget\" data-e-type=\"widget\" data-widget_type=\"theme-post-featured-image.default\">\n\t\t\t\t<div class=\"elementor-widget-container\">\n\t\t\t\t\t\t\t\t\t\t\t\t\t\t\t<img fetchpriority=\"high\" decoding=\"async\" width=\"1024\" height=\"681\" src=\"https:\/\/seniorgr.eu\/wp-content\/uploads\/2024\/10\/close-up-of-a-senior-developer-s-hands-typing-and-programming-on-a-laptop--1024x681.jpg\" class=\"attachment-large size-large wp-image-1117\" alt=\"\" srcset=\"https:\/\/seniorgr.eu\/wp-content\/uploads\/2024\/10\/close-up-of-a-senior-developer-s-hands-typing-and-programming-on-a-laptop--1024x681.jpg 1024w, https:\/\/seniorgr.eu\/wp-content\/uploads\/2024\/10\/close-up-of-a-senior-developer-s-hands-typing-and-programming-on-a-laptop--300x200.jpg 300w, https:\/\/seniorgr.eu\/wp-content\/uploads\/2024\/10\/close-up-of-a-senior-developer-s-hands-typing-and-programming-on-a-laptop--768x511.jpg 768w, https:\/\/seniorgr.eu\/wp-content\/uploads\/2024\/10\/close-up-of-a-senior-developer-s-hands-typing-and-programming-on-a-laptop--1536x1022.jpg 1536w, https:\/\/seniorgr.eu\/wp-content\/uploads\/2024\/10\/close-up-of-a-senior-developer-s-hands-typing-and-programming-on-a-laptop-.jpg 2000w\" sizes=\"(max-width: 1024px) 100vw, 1024px\" \/>\t\t\t\t\t\t\t\t\t\t\t\t\t\t\t<\/div>\n\t\t\t\t<\/div>\n\t\t\t\t<div class=\"elementor-element elementor-element-2d50ccb elementor-widget elementor-widget-theme-post-title elementor-page-title elementor-widget-heading\" data-id=\"2d50ccb\" data-element_type=\"widget\" data-e-type=\"widget\" data-widget_type=\"theme-post-title.default\">\n\t\t\t\t<div class=\"elementor-widget-container\">\n\t\t\t\t\t<h4 class=\"elementor-heading-title elementor-size-default\">Email mit Link<\/h4>\t\t\t\t<\/div>\n\t\t\t\t<\/div>\n\t\t\t\t<div class=\"elementor-element elementor-element-41ab1dd elementor-widget elementor-widget-theme-post-excerpt\" data-id=\"41ab1dd\" data-element_type=\"widget\" data-e-type=\"widget\" data-widget_type=\"theme-post-excerpt.default\">\n\t\t\t\t<div class=\"elementor-widget-container\">\n\t\t\t\t\tEs ist wichtig, vorsichtig zu sein, wenn Sie E-Mails mit Links erhalten, insbesondere wenn Sie den Absender nicht kennen oder die E-Mail verd\u00e4chtig erscheint. Hier sind Schritte, die Ihnen helfen k\u00f6nnen, herauszufinden, ob ein Link in einer E-Mail ein Fake ist:\t\t\t\t<\/div>\n\t\t\t\t<\/div>\n\t\t\t\t<div class=\"elementor-element elementor-element-d04c6e6 elementor-widget elementor-widget-button\" data-id=\"d04c6e6\" data-element_type=\"widget\" data-e-type=\"widget\" data-widget_type=\"button.default\">\n\t\t\t\t<div class=\"elementor-widget-container\">\n\t\t\t\t\t\t\t\t\t<div class=\"elementor-button-wrapper\">\n\t\t\t\t\t<a class=\"elementor-button elementor-button-link elementor-size-sm\" href=\"https:\/\/seniorgr.eu\/lu\/email-mit-link\/\">\n\t\t\t\t\t\t<span class=\"elementor-button-content-wrapper\">\n\t\t\t\t\t\t\t\t\t<span class=\"elementor-button-text\">weiterlesen<\/span>\n\t\t\t\t\t<\/span>\n\t\t\t\t\t<\/a>\n\t\t\t\t<\/div>\n\t\t\t\t\t\t\t\t<\/div>\n\t\t\t\t<\/div>\n\t\t\t\t\t<\/div>\n\t\t\t\t<\/div>\n\t\t\t\t<\/div>\n\t\t\t\t<div data-elementor-type=\"loop-item\" data-elementor-id=\"631\" class=\"elementor elementor-631 e-loop-item e-loop-item-1136 post-1136 post type-post status-publish format-standard has-post-thumbnail hentry category-effentlech\" data-elementor-post-type=\"elementor_library\" data-custom-edit-handle=\"1\">\n\t\t\t<div class=\"elementor-element elementor-element-42d6bb8 e-flex e-con-boxed e-con e-parent\" data-id=\"42d6bb8\" data-element_type=\"container\" data-e-type=\"container\">\n\t\t\t\t\t<div class=\"e-con-inner\">\n\t\t\t\t<div class=\"elementor-element elementor-element-4183571 elementor-widget elementor-widget-theme-post-featured-image elementor-widget-image\" data-id=\"4183571\" data-element_type=\"widget\" data-e-type=\"widget\" data-widget_type=\"theme-post-featured-image.default\">\n\t\t\t\t<div class=\"elementor-widget-container\">\n\t\t\t\t\t\t\t\t\t\t\t\t\t\t\t<img decoding=\"async\" width=\"1024\" height=\"607\" src=\"https:\/\/seniorgr.eu\/wp-content\/uploads\/2024\/10\/senior-woman-struggling-with-technology-1024x607.jpg\" class=\"attachment-large size-large wp-image-1113\" alt=\"\" srcset=\"https:\/\/seniorgr.eu\/wp-content\/uploads\/2024\/10\/senior-woman-struggling-with-technology-1024x607.jpg 1024w, https:\/\/seniorgr.eu\/wp-content\/uploads\/2024\/10\/senior-woman-struggling-with-technology-300x178.jpg 300w, https:\/\/seniorgr.eu\/wp-content\/uploads\/2024\/10\/senior-woman-struggling-with-technology-768x455.jpg 768w, https:\/\/seniorgr.eu\/wp-content\/uploads\/2024\/10\/senior-woman-struggling-with-technology-1536x910.jpg 1536w, https:\/\/seniorgr.eu\/wp-content\/uploads\/2024\/10\/senior-woman-struggling-with-technology.jpg 2000w\" sizes=\"(max-width: 1024px) 100vw, 1024px\" \/>\t\t\t\t\t\t\t\t\t\t\t\t\t\t\t<\/div>\n\t\t\t\t<\/div>\n\t\t\t\t<div class=\"elementor-element elementor-element-2d50ccb elementor-widget elementor-widget-theme-post-title elementor-page-title elementor-widget-heading\" data-id=\"2d50ccb\" data-element_type=\"widget\" data-e-type=\"widget\" data-widget_type=\"theme-post-title.default\">\n\t\t\t\t<div class=\"elementor-widget-container\">\n\t\t\t\t\t<h4 class=\"elementor-heading-title elementor-size-default\">W\u00e9i sch\u00fctzt Dir Iech vu falschen E-Mailen?<\/h4>\t\t\t\t<\/div>\n\t\t\t\t<\/div>\n\t\t\t\t<div class=\"elementor-element elementor-element-41ab1dd elementor-widget elementor-widget-theme-post-excerpt\" data-id=\"41ab1dd\" data-element_type=\"widget\" data-e-type=\"widget\" data-widget_type=\"theme-post-excerpt.default\">\n\t\t\t\t<div class=\"elementor-widget-container\">\n\t\t\t\t\tFake E-Mailen, och bekannt als Phishing-E-Mailen oder Spam, si gef\u00e4lschte Messagen entw\u00e9ckelt fir pers\u00e9inlech Informatioun ze klauen, Malware ze verbreeden oder finanzielle Schued ze verursaachen. Fir Iech effektiv g\u00e9int esou E-Mailen ze sch\u00fctzen, recommand\u00e9ieren ech d\u00e9i folgend Moossnamen\t\t\t\t<\/div>\n\t\t\t\t<\/div>\n\t\t\t\t<div class=\"elementor-element elementor-element-d04c6e6 elementor-widget elementor-widget-button\" data-id=\"d04c6e6\" data-element_type=\"widget\" data-e-type=\"widget\" data-widget_type=\"button.default\">\n\t\t\t\t<div class=\"elementor-widget-container\">\n\t\t\t\t\t\t\t\t\t<div class=\"elementor-button-wrapper\">\n\t\t\t\t\t<a class=\"elementor-button elementor-button-link elementor-size-sm\" href=\"https:\/\/seniorgr.eu\/lu\/wei-schuetzt-dir-iech-vu-falschen-e-mailen\/\">\n\t\t\t\t\t\t<span class=\"elementor-button-content-wrapper\">\n\t\t\t\t\t\t\t\t\t<span class=\"elementor-button-text\">weiterlesen<\/span>\n\t\t\t\t\t<\/span>\n\t\t\t\t\t<\/a>\n\t\t\t\t<\/div>\n\t\t\t\t\t\t\t\t<\/div>\n\t\t\t\t<\/div>\n\t\t\t\t\t<\/div>\n\t\t\t\t<\/div>\n\t\t\t\t<\/div>\n\t\t\t\t<div data-elementor-type=\"loop-item\" data-elementor-id=\"631\" class=\"elementor elementor-631 e-loop-item e-loop-item-892 post-892 post type-post status-publish format-standard has-post-thumbnail hentry category-digital-secherheet category-effentlech category-perseinlech-secherheet category-secherheet-doheem\" data-elementor-post-type=\"elementor_library\" data-custom-edit-handle=\"1\">\n\t\t\t<div class=\"elementor-element elementor-element-42d6bb8 e-flex e-con-boxed e-con e-parent\" data-id=\"42d6bb8\" data-element_type=\"container\" data-e-type=\"container\">\n\t\t\t\t\t<div class=\"e-con-inner\">\n\t\t\t\t<div class=\"elementor-element elementor-element-4183571 elementor-widget elementor-widget-theme-post-featured-image elementor-widget-image\" data-id=\"4183571\" data-element_type=\"widget\" data-e-type=\"widget\" data-widget_type=\"theme-post-featured-image.default\">\n\t\t\t\t<div class=\"elementor-widget-container\">\n\t\t\t\t\t\t\t\t\t\t\t\t\t\t\t<img decoding=\"async\" width=\"1024\" height=\"682\" src=\"https:\/\/seniorgr.eu\/wp-content\/uploads\/2024\/08\/pexels-photo-3768140-3768140-1024x682.jpg\" class=\"attachment-large size-large wp-image-417\" alt=\"\" srcset=\"https:\/\/seniorgr.eu\/wp-content\/uploads\/2024\/08\/pexels-photo-3768140-3768140-1024x682.jpg 1024w, https:\/\/seniorgr.eu\/wp-content\/uploads\/2024\/08\/pexels-photo-3768140-3768140-300x200.jpg 300w, https:\/\/seniorgr.eu\/wp-content\/uploads\/2024\/08\/pexels-photo-3768140-3768140-768x512.jpg 768w, https:\/\/seniorgr.eu\/wp-content\/uploads\/2024\/08\/pexels-photo-3768140-3768140.jpg 1280w\" sizes=\"(max-width: 1024px) 100vw, 1024px\" \/>\t\t\t\t\t\t\t\t\t\t\t\t\t\t\t<\/div>\n\t\t\t\t<\/div>\n\t\t\t\t<div class=\"elementor-element elementor-element-41ab1dd elementor-widget elementor-widget-theme-post-excerpt\" data-id=\"41ab1dd\" data-element_type=\"widget\" data-e-type=\"widget\" data-widget_type=\"theme-post-excerpt.default\">\n\t\t\t\t<div class=\"elementor-widget-container\">\n\t\t\t\t\tAf\u00e9ierung: Firwat ass S\u00e9cherheet wichteg fir Senioren?\r\nW\u00e9i mir m\u00e9i al ginn, \u00e4nneren d'Bedierfnesser an d'Erausfuerderunge mat mir am Alldag ze k\u00ebmmeren. Pers\u00e9inlech S\u00e9cherheet ass besonnesch wichteg, well Senioren dacks als einfach Ziler fir Krimineller ugesi ginn. D\u00ebst g\u00ebllt souwuel am Heem\u00ebmfeld w\u00e9i an der digitaler Welt\t\t\t\t<\/div>\n\t\t\t\t<\/div>\n\t\t\t\t<div class=\"elementor-element elementor-element-d04c6e6 elementor-widget elementor-widget-button\" data-id=\"d04c6e6\" data-element_type=\"widget\" data-e-type=\"widget\" data-widget_type=\"button.default\">\n\t\t\t\t<div class=\"elementor-widget-container\">\n\t\t\t\t\t\t\t\t\t<div class=\"elementor-button-wrapper\">\n\t\t\t\t\t<a class=\"elementor-button elementor-button-link elementor-size-sm\" href=\"https:\/\/seniorgr.eu\/lu\/sou-schuetzt-dir-iech-am-alldag\/\">\n\t\t\t\t\t\t<span class=\"elementor-button-content-wrapper\">\n\t\t\t\t\t\t\t\t\t<span class=\"elementor-button-text\">weiterlesen<\/span>\n\t\t\t\t\t<\/span>\n\t\t\t\t\t<\/a>\n\t\t\t\t<\/div>\n\t\t\t\t\t\t\t\t<\/div>\n\t\t\t\t<\/div>\n\t\t\t\t\t<\/div>\n\t\t\t\t<\/div>\n\t\t\t\t<\/div>\n\t\t\t\t<div data-elementor-type=\"loop-item\" data-elementor-id=\"631\" class=\"elementor elementor-631 e-loop-item e-loop-item-898 post-898 post type-post status-publish format-standard has-post-thumbnail hentry category-digital-secherheet category-effentlech category-perseinlech-secherheet\" data-elementor-post-type=\"elementor_library\" data-custom-edit-handle=\"1\">\n\t\t\t<div class=\"elementor-element elementor-element-42d6bb8 e-flex e-con-boxed e-con e-parent\" data-id=\"42d6bb8\" data-element_type=\"container\" data-e-type=\"container\">\n\t\t\t\t\t<div class=\"e-con-inner\">\n\t\t\t\t<div class=\"elementor-element elementor-element-4183571 elementor-widget elementor-widget-theme-post-featured-image elementor-widget-image\" data-id=\"4183571\" data-element_type=\"widget\" data-e-type=\"widget\" data-widget_type=\"theme-post-featured-image.default\">\n\t\t\t\t<div class=\"elementor-widget-container\">\n\t\t\t\t\t\t\t\t\t\t\t\t\t\t\t<img loading=\"lazy\" decoding=\"async\" width=\"683\" height=\"1024\" src=\"https:\/\/seniorgr.eu\/wp-content\/uploads\/2024\/08\/pexels-photo-4482900-4482900-683x1024.jpg\" class=\"attachment-large size-large wp-image-429\" alt=\"\" srcset=\"https:\/\/seniorgr.eu\/wp-content\/uploads\/2024\/08\/pexels-photo-4482900-4482900-683x1024.jpg 683w, https:\/\/seniorgr.eu\/wp-content\/uploads\/2024\/08\/pexels-photo-4482900-4482900-200x300.jpg 200w, https:\/\/seniorgr.eu\/wp-content\/uploads\/2024\/08\/pexels-photo-4482900-4482900.jpg 700w\" sizes=\"(max-width: 683px) 100vw, 683px\" \/>\t\t\t\t\t\t\t\t\t\t\t\t\t\t\t<\/div>\n\t\t\t\t<\/div>\n\t\t\t\t<div class=\"elementor-element elementor-element-41ab1dd elementor-widget elementor-widget-theme-post-excerpt\" data-id=\"41ab1dd\" data-element_type=\"widget\" data-e-type=\"widget\" data-widget_type=\"theme-post-excerpt.default\">\n\t\t\t\t<div class=\"elementor-widget-container\">\n\t\t\t\t\tUm sich gegen Bedrohungen im Online-Banking zu sch\u00fctzen, kannst du die folgenden Sicherheitsma\u00dfnahmen ergreifen:\t\t\t\t<\/div>\n\t\t\t\t<\/div>\n\t\t\t\t<div class=\"elementor-element elementor-element-d04c6e6 elementor-widget elementor-widget-button\" data-id=\"d04c6e6\" data-element_type=\"widget\" data-e-type=\"widget\" data-widget_type=\"button.default\">\n\t\t\t\t<div class=\"elementor-widget-container\">\n\t\t\t\t\t\t\t\t\t<div class=\"elementor-button-wrapper\">\n\t\t\t\t\t<a class=\"elementor-button elementor-button-link elementor-size-sm\" href=\"https:\/\/seniorgr.eu\/lu\/online-banking\/\">\n\t\t\t\t\t\t<span class=\"elementor-button-content-wrapper\">\n\t\t\t\t\t\t\t\t\t<span class=\"elementor-button-text\">weiterlesen<\/span>\n\t\t\t\t\t<\/span>\n\t\t\t\t\t<\/a>\n\t\t\t\t<\/div>\n\t\t\t\t\t\t\t\t<\/div>\n\t\t\t\t<\/div>\n\t\t\t\t\t<\/div>\n\t\t\t\t<\/div>\n\t\t\t\t<\/div>\n\t\t\t\t<div data-elementor-type=\"loop-item\" data-elementor-id=\"631\" class=\"elementor elementor-631 e-loop-item e-loop-item-904 post-904 post type-post status-publish format-standard has-post-thumbnail hentry category-digital-secherheet category-effentlech category-perseinlech-secherheet\" data-elementor-post-type=\"elementor_library\" data-custom-edit-handle=\"1\">\n\t\t\t<div class=\"elementor-element elementor-element-42d6bb8 e-flex e-con-boxed e-con e-parent\" data-id=\"42d6bb8\" data-element_type=\"container\" data-e-type=\"container\">\n\t\t\t\t\t<div class=\"e-con-inner\">\n\t\t\t\t<div class=\"elementor-element elementor-element-4183571 elementor-widget elementor-widget-theme-post-featured-image elementor-widget-image\" data-id=\"4183571\" data-element_type=\"widget\" data-e-type=\"widget\" data-widget_type=\"theme-post-featured-image.default\">\n\t\t\t\t<div class=\"elementor-widget-container\">\n\t\t\t\t\t\t\t\t\t\t\t\t\t\t\t<img loading=\"lazy\" decoding=\"async\" width=\"1024\" height=\"682\" src=\"https:\/\/seniorgr.eu\/wp-content\/uploads\/2024\/08\/censorship-limitations-freedom-of-expression-restricted-39584-39584-1024x682.jpg\" class=\"attachment-large size-large wp-image-438\" alt=\"\" srcset=\"https:\/\/seniorgr.eu\/wp-content\/uploads\/2024\/08\/censorship-limitations-freedom-of-expression-restricted-39584-39584-1024x682.jpg 1024w, https:\/\/seniorgr.eu\/wp-content\/uploads\/2024\/08\/censorship-limitations-freedom-of-expression-restricted-39584-39584-300x200.jpg 300w, https:\/\/seniorgr.eu\/wp-content\/uploads\/2024\/08\/censorship-limitations-freedom-of-expression-restricted-39584-39584-768x512.jpg 768w, https:\/\/seniorgr.eu\/wp-content\/uploads\/2024\/08\/censorship-limitations-freedom-of-expression-restricted-39584-39584.jpg 1280w\" sizes=\"(max-width: 1024px) 100vw, 1024px\" \/>\t\t\t\t\t\t\t\t\t\t\t\t\t\t\t<\/div>\n\t\t\t\t<\/div>\n\t\t\t\t<div class=\"elementor-element elementor-element-41ab1dd elementor-widget elementor-widget-theme-post-excerpt\" data-id=\"41ab1dd\" data-element_type=\"widget\" data-e-type=\"widget\" data-widget_type=\"theme-post-excerpt.default\">\n\t\t\t\t<div class=\"elementor-widget-container\">\n\t\t\t\t\tWie erstellt man ein starkes Passwort?\r\n1. Verwenden Sie eine Kombination aus Zeichenarten\r\nEin sicheres Passwort sollte verschiedene Arten von Zeichen enthalten. Ein Beispiel f\u00fcr ein starkes Passwort k\u00f6nnte sein:\r\n\t\t\t\t<\/div>\n\t\t\t\t<\/div>\n\t\t\t\t<div class=\"elementor-element elementor-element-d04c6e6 elementor-widget elementor-widget-button\" data-id=\"d04c6e6\" data-element_type=\"widget\" data-e-type=\"widget\" data-widget_type=\"button.default\">\n\t\t\t\t<div class=\"elementor-widget-container\">\n\t\t\t\t\t\t\t\t\t<div class=\"elementor-button-wrapper\">\n\t\t\t\t\t<a class=\"elementor-button elementor-button-link elementor-size-sm\" href=\"https:\/\/seniorgr.eu\/lu\/sicheres-passwort\/\">\n\t\t\t\t\t\t<span class=\"elementor-button-content-wrapper\">\n\t\t\t\t\t\t\t\t\t<span class=\"elementor-button-text\">weiterlesen<\/span>\n\t\t\t\t\t<\/span>\n\t\t\t\t\t<\/a>\n\t\t\t\t<\/div>\n\t\t\t\t\t\t\t\t<\/div>\n\t\t\t\t<\/div>\n\t\t\t\t\t<\/div>\n\t\t\t\t<\/div>\n\t\t\t\t<\/div>\n\t\t\t\t<\/div>\n\t\t\n\t\t\t\t\t\t<\/div>\n\t\t\t\t<\/div>\n\t\t\t\t\t<\/div>\n\t\t\t\t<\/div>\n\t\t\t\t<\/div>\n\t\t","protected":false},"excerpt":{"rendered":"<p>Digitale Sicherheit \u00d6ffentlich Pers\u00f6nliche Sicherheit Sicherheit Zuhause Alleguer<\/p>\n","protected":false},"author":1,"featured_media":0,"parent":0,"menu_order":0,"comment_status":"closed","ping_status":"closed","template":"","meta":{"_acf_changed":false,"site-sidebar-layout":"no-sidebar","site-content-layout":"","ast-site-content-layout":"full-width-container","site-content-style":"default","site-sidebar-style":"default","ast-global-header-display":"","ast-banner-title-visibility":"","ast-main-header-display":"","ast-hfb-above-header-display":"","ast-hfb-below-header-display":"","ast-hfb-mobile-header-display":"","site-post-title":"disabled","ast-breadcrumbs-content":"","ast-featured-img":"disabled","footer-sml-layout":"","theme-transparent-header-meta":"","adv-header-id-meta":"","stick-header-meta":"","header-above-stick-meta":"","header-main-stick-meta":"","header-below-stick-meta":"","astra-migrate-meta-layouts":"default","ast-page-background-enabled":"default","ast-page-background-meta":{"desktop":{"background-color":"var(--ast-global-color-4)","background-image":"","background-repeat":"repeat","background-position":"center center","background-size":"auto","background-attachment":"scroll","background-type":"","background-media":"","overlay-type":"","overlay-color":"","overlay-opacity":"","overlay-gradient":""},"tablet":{"background-color":"","background-image":"","background-repeat":"repeat","background-position":"center center","background-size":"auto","background-attachment":"scroll","background-type":"","background-media":"","overlay-type":"","overlay-color":"","overlay-opacity":"","overlay-gradient":""},"mobile":{"background-color":"","background-image":"","background-repeat":"repeat","background-position":"center center","background-size":"auto","background-attachment":"scroll","background-type":"","background-media":"","overlay-type":"","overlay-color":"","overlay-opacity":"","overlay-gradient":""}},"ast-content-background-meta":{"desktop":{"background-color":"var(--ast-global-color-5)","background-image":"","background-repeat":"repeat","background-position":"center center","background-size":"auto","background-attachment":"scroll","background-type":"","background-media":"","overlay-type":"","overlay-color":"","overlay-opacity":"","overlay-gradient":""},"tablet":{"background-color":"var(--ast-global-color-5)","background-image":"","background-repeat":"repeat","background-position":"center center","background-size":"auto","background-attachment":"scroll","background-type":"","background-media":"","overlay-type":"","overlay-color":"","overlay-opacity":"","overlay-gradient":""},"mobile":{"background-color":"var(--ast-global-color-5)","background-image":"","background-repeat":"repeat","background-position":"center center","background-size":"auto","background-attachment":"scroll","background-type":"","background-media":"","overlay-type":"","overlay-color":"","overlay-opacity":"","overlay-gradient":""}},"footnotes":""},"class_list":["post-1861","page","type-page","status-publish","hentry"],"acf":[],"_links":{"self":[{"href":"https:\/\/seniorgr.eu\/lu\/wp-json\/wp\/v2\/pages\/1861","targetHints":{"allow":["GET"]}}],"collection":[{"href":"https:\/\/seniorgr.eu\/lu\/wp-json\/wp\/v2\/pages"}],"about":[{"href":"https:\/\/seniorgr.eu\/lu\/wp-json\/wp\/v2\/types\/page"}],"author":[{"embeddable":true,"href":"https:\/\/seniorgr.eu\/lu\/wp-json\/wp\/v2\/users\/1"}],"replies":[{"embeddable":true,"href":"https:\/\/seniorgr.eu\/lu\/wp-json\/wp\/v2\/comments?post=1861"}],"version-history":[{"count":1,"href":"https:\/\/seniorgr.eu\/lu\/wp-json\/wp\/v2\/pages\/1861\/revisions"}],"predecessor-version":[{"id":1862,"href":"https:\/\/seniorgr.eu\/lu\/wp-json\/wp\/v2\/pages\/1861\/revisions\/1862"}],"wp:attachment":[{"href":"https:\/\/seniorgr.eu\/lu\/wp-json\/wp\/v2\/media?parent=1861"}],"curies":[{"name":"wp","href":"https:\/\/api.w.org\/{rel}","templated":true}]}}