{"id":1072,"date":"2024-09-02T12:38:42","date_gmt":"2024-09-02T10:38:42","guid":{"rendered":"https:\/\/seniorgr.eu\/iwwer-eis\/"},"modified":"2024-10-20T00:00:00","modified_gmt":"2024-10-19T22:00:00","slug":"iwwer-eis","status":"publish","type":"page","link":"https:\/\/seniorgr.eu\/lu\/iwwer-eis\/","title":{"rendered":"Iwwer eis"},"content":{"rendered":"\t\t<div data-elementor-type=\"wp-page\" data-elementor-id=\"1072\" class=\"elementor elementor-1072 elementor-594\" data-elementor-post-type=\"page\">\n\t\t\t\t<div class=\"elementor-element elementor-element-3069fb4 e-flex e-con-boxed e-con e-parent\" data-id=\"3069fb4\" data-element_type=\"container\" data-e-type=\"container\" data-settings=\"{&quot;background_background&quot;:&quot;classic&quot;}\">\n\t\t\t\t\t<div class=\"e-con-inner\">\n\t\t\t\t<div class=\"elementor-element elementor-element-a4ada64 elementor-widget__width-initial elementor-widget elementor-widget-heading\" data-id=\"a4ada64\" data-element_type=\"widget\" data-e-type=\"widget\" data-widget_type=\"heading.default\">\n\t\t\t\t<div class=\"elementor-widget-container\">\n\t\t\t\t\t<h1 class=\"elementor-heading-title elementor-size-default\">Iwwer eis<\/h1>\t\t\t\t<\/div>\n\t\t\t\t<\/div>\n\t\t\t\t\t<\/div>\n\t\t\t\t<\/div>\n\t\t<div class=\"elementor-element elementor-element-1bf8a74 e-flex e-con-boxed e-con e-parent\" data-id=\"1bf8a74\" data-element_type=\"container\" data-e-type=\"container\">\n\t\t\t\t\t<div class=\"e-con-inner\">\n\t\t<div class=\"elementor-element elementor-element-c802ca5 e-con-full e-flex e-con e-child\" data-id=\"c802ca5\" data-element_type=\"container\" data-e-type=\"container\">\n\t\t\t\t<div class=\"elementor-element elementor-element-b079b17 elementor-widget elementor-widget-heading\" data-id=\"b079b17\" data-element_type=\"widget\" data-e-type=\"widget\" data-widget_type=\"heading.default\">\n\t\t\t\t<div class=\"elementor-widget-container\">\n\t\t\t\t\t<h2 class=\"elementor-heading-title elementor-size-default\">Den \u00e9ischten Komit\u00e9<\/h2>\t\t\t\t<\/div>\n\t\t\t\t<\/div>\n\t\t\t\t<div class=\"elementor-element elementor-element-1c07ff8 elementor-widget elementor-widget-text-editor\" data-id=\"1c07ff8\" data-element_type=\"widget\" data-e-type=\"widget\" data-widget_type=\"text-editor.default\">\n\t\t\t\t<div class=\"elementor-widget-container\">\n\t\t\t\t\t\t\t\t\tGegr\u00ebnnt zu Schengen (L\u00ebtzebuerg) a Pr\u00e4senz vum Buergermeeschter Michel Gloden de 27. Abr\u00ebll 2023, ass d&#8217;CSGR e grenziwwerschreidend Spriecher fir eeler Leit an der Groussregioun (Saarland-Loutrengen-L\u00ebtzebuerg-Rheinland-Pfalz-Wallonie).\r\n<p><a>www.granderegion.net<\/a>\r\n<br>\r\nZweck vun der CSGR:\r\nEngag\u00e9iere fir d\u2019Wuelbefannen vun den eelere Leit (Senioren) an der Groussregioun, d\u2019Participatioun vun de Senioren an der Gesellschaft ze st\u00e4erken, d\u2019Problemer d\u00e9i an der Groussregioun entstinn zesummen unzegoen a beschten Praktiken austauschen.\r\n<br>\r\nD&#8217;\u00cbnnerschreiwe vun de Statuten vun der CSGR:<br>\r\nArnold Lothar (Saarland), Clement Jeannot (L\u00ebtzebuerg), Demortier Serge (Wallonie), Ribic Esther (EUROP&#8217;age), Giesen Helmut (Rheinland-Pfalz), Lhermitte Claude (Loutrengen), Mauer Romain (L\u00ebtzebuerg), Simon Christian (Wallonie) ) a Sprenger Antoine (Lorraine).\t\t\t\t\t\t\t\t<\/div>\n\t\t\t\t<\/div>\n\t\t\t\t<\/div>\n\t\t<div class=\"elementor-element elementor-element-8ca64a6 e-con-full e-flex e-con e-child\" data-id=\"8ca64a6\" data-element_type=\"container\" data-e-type=\"container\">\n\t\t\t\t<div class=\"elementor-element elementor-element-9c9f13d elementor-widget elementor-widget-image\" data-id=\"9c9f13d\" data-element_type=\"widget\" data-e-type=\"widget\" data-widget_type=\"image.default\">\n\t\t\t\t<div class=\"elementor-widget-container\">\n\t\t\t\t\t\t\t\t\t\t\t\t\t\t\t<img fetchpriority=\"high\" decoding=\"async\" width=\"1000\" height=\"750\" src=\"https:\/\/seniorgr.eu\/wp-content\/uploads\/2024\/10\/Erster-Vorstand.png\" class=\"attachment-large size-large wp-image-1007\" alt=\"\" srcset=\"https:\/\/seniorgr.eu\/wp-content\/uploads\/2024\/10\/Erster-Vorstand.png 1000w, https:\/\/seniorgr.eu\/wp-content\/uploads\/2024\/10\/Erster-Vorstand-300x225.png 300w, https:\/\/seniorgr.eu\/wp-content\/uploads\/2024\/10\/Erster-Vorstand-768x576.png 768w\" sizes=\"(max-width: 1000px) 100vw, 1000px\" \/>\t\t\t\t\t\t\t\t\t\t\t\t\t\t\t<\/div>\n\t\t\t\t<\/div>\n\t\t\t\t<\/div>\n\t\t\t\t\t<\/div>\n\t\t\t\t<\/div>\n\t\t\t\t<\/div>\n\t\t","protected":false},"excerpt":{"rendered":"<p>Iwwer eis Den \u00e9ischten Komit\u00e9 Gegr\u00ebnnt zu Schengen (L\u00ebtzebuerg) a Pr\u00e4senz vum Buergermeeschter Michel Gloden de 27. Abr\u00ebll 2023, ass d&#8217;CSGR e grenziwwerschreidend Spriecher fir eeler Leit an der Groussregioun [&hellip;]<\/p>\n","protected":false},"author":1,"featured_media":0,"parent":0,"menu_order":0,"comment_status":"closed","ping_status":"closed","template":"","meta":{"_acf_changed":false,"site-sidebar-layout":"default","site-content-layout":"","ast-site-content-layout":"","site-content-style":"default","site-sidebar-style":"default","ast-global-header-display":"","ast-banner-title-visibility":"","ast-main-header-display":"","ast-hfb-above-header-display":"","ast-hfb-below-header-display":"","ast-hfb-mobile-header-display":"","site-post-title":"","ast-breadcrumbs-content":"","ast-featured-img":"","footer-sml-layout":"","theme-transparent-header-meta":"","adv-header-id-meta":"","stick-header-meta":"","header-above-stick-meta":"","header-main-stick-meta":"","header-below-stick-meta":"","astra-migrate-meta-layouts":"default","ast-page-background-enabled":"default","ast-page-background-meta":{"desktop":{"background-color":"var(--ast-global-color-4)","background-image":"","background-repeat":"repeat","background-position":"center center","background-size":"auto","background-attachment":"scroll","background-type":"","background-media":"","overlay-type":"","overlay-color":"","overlay-opacity":"","overlay-gradient":""},"tablet":{"background-color":"","background-image":"","background-repeat":"repeat","background-position":"center center","background-size":"auto","background-attachment":"scroll","background-type":"","background-media":"","overlay-type":"","overlay-color":"","overlay-opacity":"","overlay-gradient":""},"mobile":{"background-color":"","background-image":"","background-repeat":"repeat","background-position":"center center","background-size":"auto","background-attachment":"scroll","background-type":"","background-media":"","overlay-type":"","overlay-color":"","overlay-opacity":"","overlay-gradient":""}},"ast-content-background-meta":{"desktop":{"background-color":"var(--ast-global-color-5)","background-image":"","background-repeat":"repeat","background-position":"center center","background-size":"auto","background-attachment":"scroll","background-type":"","background-media":"","overlay-type":"","overlay-color":"","overlay-opacity":"","overlay-gradient":""},"tablet":{"background-color":"var(--ast-global-color-5)","background-image":"","background-repeat":"repeat","background-position":"center center","background-size":"auto","background-attachment":"scroll","background-type":"","background-media":"","overlay-type":"","overlay-color":"","overlay-opacity":"","overlay-gradient":""},"mobile":{"background-color":"var(--ast-global-color-5)","background-image":"","background-repeat":"repeat","background-position":"center center","background-size":"auto","background-attachment":"scroll","background-type":"","background-media":"","overlay-type":"","overlay-color":"","overlay-opacity":"","overlay-gradient":""}},"footnotes":""},"class_list":["post-1072","page","type-page","status-publish","hentry"],"acf":[],"_links":{"self":[{"href":"https:\/\/seniorgr.eu\/lu\/wp-json\/wp\/v2\/pages\/1072","targetHints":{"allow":["GET"]}}],"collection":[{"href":"https:\/\/seniorgr.eu\/lu\/wp-json\/wp\/v2\/pages"}],"about":[{"href":"https:\/\/seniorgr.eu\/lu\/wp-json\/wp\/v2\/types\/page"}],"author":[{"embeddable":true,"href":"https:\/\/seniorgr.eu\/lu\/wp-json\/wp\/v2\/users\/1"}],"replies":[{"embeddable":true,"href":"https:\/\/seniorgr.eu\/lu\/wp-json\/wp\/v2\/comments?post=1072"}],"version-history":[{"count":3,"href":"https:\/\/seniorgr.eu\/lu\/wp-json\/wp\/v2\/pages\/1072\/revisions"}],"predecessor-version":[{"id":1901,"href":"https:\/\/seniorgr.eu\/lu\/wp-json\/wp\/v2\/pages\/1072\/revisions\/1901"}],"wp:attachment":[{"href":"https:\/\/seniorgr.eu\/lu\/wp-json\/wp\/v2\/media?parent=1072"}],"curies":[{"name":"wp","href":"https:\/\/api.w.org\/{rel}","templated":true}]}}