{"id":84,"date":"2024-07-31T09:10:14","date_gmt":"2024-07-31T07:10:14","guid":{"rendered":"https:\/\/seniorgr.eu\/statuts\/"},"modified":"2024-10-29T21:18:26","modified_gmt":"2024-10-29T20:18:26","slug":"statuts","status":"publish","type":"page","link":"https:\/\/seniorgr.eu\/fr\/statuts\/","title":{"rendered":"Statuts"},"content":{"rendered":"<h2>Statuts<\/h2>\n<h4><em>Traduction r\u00e9alis\u00e9e par un logiciel ; la version fran\u00e7aise fait foi<\/em> <\/h4>\n<h1>Pr\u00e9ambule<\/h1>\n<p style= \u00bbfont-weight : 400 ;\"><em>Le territoire de la Grande R\u00e9gion conna\u00eet une profonde (r)\u00e9volution d\u00e9mographique. <\/em><\/p>\n<p style=\u00ab font-weight : 400 ; \u00bb><em>Aujourd&rsquo;hui, environ une personne sur cinq est \u00e2g\u00e9e de 65 ans ou plus. Selon les pr\u00e9visions, le nombre de personnes \u00e2g\u00e9es de plus de 65 ans augmentera d&rsquo;environ 40% d&rsquo;ici 2050 pour atteindre plus de 900.000 personnes. En outre, plus de la moiti\u00e9 des soignants sont aujourd&rsquo;hui \u00e0 la retraite, retrait\u00e9s, et leur part dans la soci\u00e9t\u00e9 ne cesse d&rsquo;augmenter.<\/em><\/p>\n<p style=\u00ab font-weight : 400 ; \u00bb><em>Le Conseil des seniors de la Grande R\u00e9gion, port\u00e9 par des seniors engag\u00e9s et soutenu par les administrations de la Grande R\u00e9gion, s&rsquo;est fix\u00e9 pour objectif d&rsquo;am\u00e9liorer les conditions de vie des seniors dans la Grande R\u00e9gion. L&rsquo;image de la vieillesse, g\u00e9n\u00e9ralement associ\u00e9e \u00e0 la fragilit\u00e9 et aux restrictions de sant\u00e9 et d&rsquo;esprit, doit \u00eatre modifi\u00e9e par le travail de projet et les aspects positifs de la vieillesse doivent \u00eatre mis en avant. Le projet du Conseil des seniors vise \u00e9galement \u00e0 valoriser et \u00e0 promouvoir le travail des proches aidants et des b\u00e9n\u00e9voles dans la Grande R\u00e9gion.<\/em><\/p>\n<p style=\u00ab font-weight : 400 ; \u00bb><em>Dans le cadre de la coop\u00e9ration transfrontali\u00e8re entre plus de 20 partenaires de la Grande R\u00e9gion &#8211; trouv\u00e9e gr\u00e2ce au programme Interreg &lsquo;Senior activ&rsquo; &#8211; de nombreuses offres sont propos\u00e9es, des mesures sont d\u00e9velopp\u00e9es et mises en \u0153uvre afin d&rsquo;influencer positivement la perte d&rsquo;autonomie mena\u00e7ante des seniors. Les th\u00e8mes centraux sont entre autres l&rsquo;\u00e9quipement technique et l&rsquo;adaptation architecturale des logements, la pr\u00e9vention de l&rsquo;isolement social et de la solitude ainsi que le soutien et les soins professionnels. En outre, ces mesures doivent contribuer \u00e0 une plus large diffusion des offres de pr\u00e9vention et de sant\u00e9 ainsi qu&rsquo;\u00e0 une plus forte mise en r\u00e9seau des experts professionnels et b\u00e9n\u00e9voles actifs dans le domaine des seniors au sein de la Grande R\u00e9gion.<\/em><\/p>\n<p style=\u00ab font-weight : 400 ; \u00bb><em> <\/em>Conseil des seniors de la Grande R\u00e9gion a.s.b.l. <\/p>\n<h2 style=\u00ab font-weight : 400 ; \u00bb><strong>Statuts<\/strong><\/h2>\n<p style=\u00ab font-weight : 400 ; \u00bb><em>Il est constitu\u00e9 entre les soussign\u00e9s et tous ceux qui seront admis ult\u00e9rieurement, une association sans but lucratif r\u00e9gie par les pr\u00e9sents statuts et par la loi modifi\u00e9e du 7 juillet 1901. ao\u00fbt 2023 sur les associations et fondations sans but lucratif.<\/em><\/p>\n<h3 style=\u00ab font-weight : 400 ; \u00bb><em> <\/em>Titre I &#8211; Nom &#8211; Si\u00e8ge &#8211; Dur\u00e9e<\/h3>\n<p style= \u00bbfont-weight : 400 ;\u00ab ><strong style= \u00bbfont-style : inherit ; font-family : var( --e-global-typography-text-font-family ), Sans-serif ; text-align : var(--text-align) ;\">Art. 1 &#8211; <\/strong>L&rsquo;association porte le nom de \u00ab Conseil des Seniors de la Grande R\u00e9gion a.s.b.l. \u00bb. (CSGR).<\/p>\n<p style=\u00ab font-weight : 400 ; \u00bb><strong>Art. 2 &#8211; <\/strong>Son si\u00e8ge est situ\u00e9 \u00e0 Schengen. Il peut \u00eatre transf\u00e9r\u00e9 en tout autre lieu du Grand-Duch\u00e9 de Luxembourg par d\u00e9cision du conseil d&rsquo;administration.<\/p>\n<p style=\u00ab font-weight : 400 ; \u00bb><strong>Art. 3 &#8211; <\/strong>La dur\u00e9e de l&rsquo;association est illimit\u00e9e. <\/p>\n<h3 style=\u00ab font-weight : 400 ; \u00bb><strong>Titre II &#8211; But<\/strong><\/h3>\n<p style=\u00ab font-weight : 400 ; \u00bb><strong style=\u00ab font-style : inherit ; font-family : var( --e-global-typography-text-font-family ), Sans-serif ; text-align : var(--text-align) ; \u00bb>Art. 4 &#8211; <\/strong>L&rsquo;objet de l&rsquo;association est d&rsquo;\u0153uvrer pour le bien-\u00eatre des personnes \u00e2g\u00e9es (seniors) dans la Grande R\u00e9gion, de renforcer la participation des seniors dans la soci\u00e9t\u00e9, de traiter en commun les probl\u00e8mes rencontr\u00e9s dans la Grande R\u00e9gion et d&rsquo;\u00e9changer les bonnes pratiques. <\/p>\n<p style=\u00ab font-weight : 400 ; \u00bb>L&rsquo;association peut cr\u00e9er ou reprendre tous organismes, institutions ou \u0153uvres, acqu\u00e9rir tous biens mobiliers et immobiliers n\u00e9cessaires \u00e0 la r\u00e9alisation du ou des buts pour lesquels elle a \u00e9t\u00e9 constitu\u00e9e et accomplir tous les actes g\u00e9n\u00e9ralement quelconques pouvant contribuer directement ou indirectement \u00e0 la r\u00e9alisation de son objet, pourvu qu&rsquo;elle se tienne, dans l&rsquo;ensemble de ses activit\u00e9s, dans les limites fix\u00e9es par la loi du 7 juillet 1901. ao\u00fbt 2023 sur les associations et fondations sans but lucratif et de toutes les autres dispositions l\u00e9gales et r\u00e9glementaires qui leur sont applicables. <\/p>\n<p style=\u00ab font-weight : 400 ; \u00bb>L&rsquo;association peut s&rsquo;associer ou former une f\u00e9d\u00e9ration avec d&rsquo;autres associations ou organisations poursuivant un but similaire et correspondant aux objectifs de cette association, pour autant que cette collaboration lui permette de mieux exercer son activit\u00e9 et de promouvoir les int\u00e9r\u00eats de sa cause aupr\u00e8s des tiers.\u00ab <\/p>\n<p style= \u00bbfont-weight : 400 ;\">Un autre objectif de l&rsquo;association est de promouvoir la recherche scientifique et des actions dans les domaines qui rel\u00e8vent de son activit\u00e9 principale et des activit\u00e9s qui y sont li\u00e9es. <\/p>\n<p style=\u00ab font-weight : 400 ; \u00bb>Ce sont entre autres:<\/p>\n<p style=\u00ab font-weight : 400 ; \u00bb>des auditions d&rsquo;experts et de personnes concern\u00e9es,<\/p>\n<p style=\u00ab font-weight : 400 ; \u00bb>la promotion de la participation active des personnes \u00e2g\u00e9es \u00e0 tous les aspects de la soci\u00e9t\u00e9,<\/p>\n<p style=\"font-weight : 400 ;\u00ab >prendre d\u00fbment en compte les pr\u00e9occupations personnelles en g\u00e9n\u00e9ral,<\/p>\n<p style= \u00bbfont-weight : 400 ;\u00ab >repr\u00e9senter les personnes \u00e2g\u00e9es de mani\u00e8re directe et authentique,<\/p>\n<p style= \u00bbfont-weight : 400 ;\">favoriser l&rsquo;\u00e9change d&rsquo;exp\u00e9riences et de connaissances sp\u00e9cialis\u00e9es dans le but d&rsquo;obtenir des conditions de vie \u00e9quivalentes. <\/p>\n<h3 style=\u00ab font-weight : 400 ; \u00bb><strong>Titre III &#8211; Membres et cat\u00e9gories de membres<\/strong><\/h3>\n<p style=\u00ab font-weight : 400 ; \u00bb><strong> <\/strong><strong>Art. 5 &#8211; <\/strong>L&rsquo;association se compose de membres et de membres honoraires. Les membres peuvent \u00eatre des personnes morales de droit priv\u00e9 ou public ou des personnes physiques. Le nombre de membres ne peut \u00eatre inf\u00e9rieur \u00e0 deux.<\/p>\n<ul>\n<li>Les membres, personnes morales, sont des organisations de personnes \u00e2g\u00e9es ou des organisations agissant en faveur des personnes \u00e2g\u00e9es, issues des cinq r\u00e9gions de la Grande R\u00e9gion comprenant la Sarre, la Rh\u00e9nanie-Palatinat, une partie de la r\u00e9gion Grand Est, la Wallonie et le Luxembourg<\/li>\n<\/ul>\n<p style=\u00ab font-weight : 400 ; \u00bb>L&rsquo;assembl\u00e9e veillera \u00e0 ce que l&rsquo;\u00e9quilibre entre les diff\u00e9rentes r\u00e9gions soit pr\u00e9serv\u00e9. <\/p>\n<ul>\n<li>Les membres, personnes physiques, sont des \u00e9lus ou des membres d&rsquo;organisations de ou pour personnes \u00e2g\u00e9es actives dans la Grande R\u00e9gion.<\/li>\n<li>Les membres d&rsquo;honneur sont propos\u00e9s par les membres en raison de leurs comp\u00e9tences professionnelles ou de leur engagement social aupr\u00e8s des personnes \u00e2g\u00e9es. <\/li>\n<\/ul>\n<p style=\u00ab font-weight : 400 ; \u00bb><strong>Art. 6 &#8211; <\/strong>Tout membre peut d\u00e9missionner \u00e0 tout moment en informant l&rsquo;association par \u00e9crit.<\/p>\n<p style=\u00ab font-weight : 400 ; \u00bb><strong>Art. 7 &#8211; <\/strong>La qualit\u00e9 de membre se perd si la cotisation n&rsquo;est pas pay\u00e9e. Les modalit\u00e9s sont fix\u00e9es par le r\u00e8glement int\u00e9rieur.<\/p>\n<p style=\u00ab font-weight : 400 ; \u00bb><strong>Art. 8 &#8211; <\/strong>L&rsquo;assembl\u00e9e g\u00e9n\u00e9rale peut d\u00e9cider de l&rsquo;exclusion d&rsquo;un membre en raison d&rsquo;une faute grave. L&rsquo;assembl\u00e9e g\u00e9n\u00e9rale est souveraine dans sa d\u00e9cision ; le membre doit avoir eu la possibilit\u00e9 de se d\u00e9fendre.<\/p>\n<h3 style=\u00ab font-weight : 400 ; \u00bb><strong>Titre IV &#8211; Cotisations<\/strong><\/h3>\n<p style=\u00ab font-weight : 400 ; \u00bb><strong> <\/strong><strong>Art. 9 &#8211; <\/strong>Chaque membre doit payer une cotisation annuelle dont le montant est fix\u00e9 chaque ann\u00e9e par l&rsquo;assembl\u00e9e g\u00e9n\u00e9rale. <\/p>\n<p style=\u00ab font-weight : 400 ; \u00bb>Pour les membres, cette cotisation ne peut exc\u00e9der 100 \u20ac pour les personnes physiques et 500 \u20ac pour les personnes morales.<\/p>\n<p style=\u00ab font-weight : 400 ; \u00bb>Pour les membres d&rsquo;honneur, cette cotisation ne peut exc\u00e9der 50 \u20ac. <\/p>\n<h3 style=\u00ab font-weight : 400 ; \u00bb><strong>Titre V &#8211; Assembl\u00e9e g\u00e9n\u00e9rale<\/strong><\/h3>\n<p style=\u00ab font-weight : 400 ; \u00bb><strong> <\/strong><\/p>\n<p style=\u00ab font-weight : 400 ; \u00bb><strong>Art. 10 &#8211; <\/strong>L&rsquo;assembl\u00e9e g\u00e9n\u00e9rale se compose de tous les membres. Elle peut valablement d\u00e9lib\u00e9rer si au moins un repr\u00e9sentant par r\u00e9gion est pr\u00e9sent ou repr\u00e9sent\u00e9.<\/p>\n<p style=\u00ab font-weight : 400 ; \u00bb>Les membres d&rsquo;honneur n&rsquo;ont pas le droit de vote, mais ont le droit de s&rsquo;exprimer lors des assembl\u00e9es.<\/p>\n<p style=\u00ab font-weight : 400 ; \u00bb><strong>Art. 11 &#8211; <\/strong>L&rsquo;assembl\u00e9e g\u00e9n\u00e9rale est l&rsquo;organe souverain de l&rsquo;association. Elle a les pouvoirs express\u00e9ment reconnus par la loi ou par les pr\u00e9sents statuts. <\/p>\n<p style=\"font-weight : 400 ;\">Sont notamment r\u00e9serv\u00e9es \u00e0 sa comp\u00e9tence<\/p>\n<ul>\n<li>les modifications des statuts ;<\/li>\n<li>l&rsquo;approbation du r\u00e8glement int\u00e9rieur et de ses modifications ;<\/li>\n<li>la nomination et la r\u00e9vocation des membres du conseil d&rsquo;administration ; <\/li>\n<li>Nommer un ou plusieurs commissaires aux comptes<\/li>\n<li>Approuver les comptes annuels et les budgets ;<\/li>\n<li>Approuver le rapport du tr\u00e9sorier et du commissaire aux comptes ;<\/li>\n<li>Approuver le rapport annuel du conseil d&rsquo;administration ; <\/li>\n<li>donner d\u00e9charge aux membres du conseil d&rsquo;administration et au tr\u00e9sorier;<\/li>\n<li>fixer le montant de la cotisation annuelle;<\/li>\n<li>se prononcer sur les propositions soumises \u00e0 l&rsquo;assembl\u00e9e;<\/li>\n<li>exclure des membres apr\u00e8s consultation du conseil d&rsquo;administration;<\/li>\n<li>dissoudre volontairement l&rsquo;association<\/li>\n<\/ul>\n<p style=\"font-weight : 400 ;\"><strong>Art. 12 &#8211; <\/strong>Une assembl\u00e9e g\u00e9n\u00e9rale ordinaire au moins se tient chaque ann\u00e9e, en principe au mois de juin. L&rsquo;assembl\u00e9e g\u00e9n\u00e9rale est convoqu\u00e9e par le pr\u00e9sident par lettre ou par voie \u00e9lectronique \u00e0 chaque membre au moins quinze jours avant la r\u00e9union. L&rsquo;ordre du jour est indiqu\u00e9 dans la convocation.<\/p>\n<p style=\u00ab font-weight : 400 ; \u00bb><strong>Art. 13 &#8211; <\/strong>L&rsquo;association peut \u00eatre convoqu\u00e9e \u00e0 tout moment en assembl\u00e9e g\u00e9n\u00e9rale extraordinaire par d\u00e9cision du conseil d&rsquo;administration. Elle doit \u00eatre convoqu\u00e9e \u00e0 la demande d&rsquo;au moins un cinqui\u00e8me des membres. Chaque assembl\u00e9e a lieu au jour, \u00e0 l&rsquo;heure et au lieu indiqu\u00e9s dans la convocation de l&rsquo;assembl\u00e9e. Tous les membres ordinaires doivent \u00eatre convoqu\u00e9s. L&rsquo;assembl\u00e9e g\u00e9n\u00e9rale peut \u00e9galement se tenir par voie \u00e9lectronique<\/p>\n<p style=\u00ab font-weight : 400 ; \u00bb><strong>Art. 14 &#8211; <\/strong>Les membres peuvent se faire repr\u00e9senter par un autre membre de l&rsquo;association.<\/p>\n<p style=\u00ab font-weight : 400 ; \u00bb><strong>Art. 15 &#8211; <\/strong>Les d\u00e9cisions sont prises \u00e0 la majorit\u00e9 des voix pr\u00e9sentes ou repr\u00e9sent\u00e9es.<\/p>\n<p style=\u00ab font-weight : 400 ; \u00bb><strong>Art. 16 &#8211; <\/strong>L&rsquo;assembl\u00e9e g\u00e9n\u00e9rale ne peut valablement d\u00e9lib\u00e9rer sur une modification des statuts ou sur la dissolution de l&rsquo;association que dans les conditions pr\u00e9vues par la loi modifi\u00e9e du 7 d\u00e9cembre 2006. ao\u00fbt 2023 relative aux associations sans but lucratif.<\/p>\n<p style=\u00ab font-weight : 400 ; \u00bb>En cas de dissolution de l&rsquo;association, l&rsquo;assembl\u00e9e g\u00e9n\u00e9rale nomme le ou les liquidateurs et d\u00e9termine leurs pouvoirs. <\/p>\n<p style=\u00ab font-weight : 400 ; \u00bb>En cas de dissolution, l&rsquo;actif de l&rsquo;association est affect\u00e9 \u00e0 des missions conformes \u00e0 l&rsquo;objet de l&rsquo;association et au b\u00e9n\u00e9fice des personnes \u00e2g\u00e9es.<\/p>\n<p style=\u00ab font-weight : 400 ; \u00bb><strong>Art. 17 &#8211; <\/strong>Les d\u00e9lib\u00e9rations de l&rsquo;assembl\u00e9e g\u00e9n\u00e9rale sont consign\u00e9es dans un registre des proc\u00e8s-verbaux, sign\u00e9 par le pr\u00e9sident et un vice-pr\u00e9sident. Ce registre est tenu au si\u00e8ge de l&rsquo;association, o\u00f9 tous les membres peuvent le lire, sans toutefois pouvoir le d\u00e9placer. Tout membre peut demander des extraits du proc\u00e8s-verbal.<\/p>\n<h3 style=\u00ab font-weight : 400 ; \u00bb><strong>Titre VI &#8211; Conseil d&rsquo;administration<\/strong><\/h3>\n<p style=\u00ab font-weight : 400 ; \u00bb><strong style=\u00ab font-style : inherit ; font-family : var( --e-global-typography-text-font-family ), Sans-serif ; text-align : var(--text-align) ; \u00bb>Art. 18 &#8211; <\/strong>Le conseil d&rsquo;administration est investi des pouvoirs les plus \u00e9tendus pour administrer et g\u00e9rer l&rsquo;association. Seuls les actes r\u00e9serv\u00e9s \u00e0 l&rsquo;assembl\u00e9e g\u00e9n\u00e9rale par la loi ou les pr\u00e9sents statuts ne rel\u00e8vent pas de sa comp\u00e9tence.<\/p>\n<p style=\u00ab font-weight : 400 ; \u00bb><strong>Art. 19 &#8211; <\/strong>Le conseil d&rsquo;administration \u00e9lit parmi ses membres un(e) pr\u00e9sident(e), quatre vice-pr\u00e9sident(e)s, un(e) tr\u00e9sorier(e) et un(e) secr\u00e9taire. Le\/la pr\u00e9sident(e) et les vice-pr\u00e9sidents(es) doivent provenir de r\u00e9gions diff\u00e9rentes. Les fonctions de tr\u00e9sorier(e) et de secr\u00e9taire peuvent \u00eatre cumul\u00e9es avec celles de pr\u00e9sident(e) ou de vice-pr\u00e9sident(e).<\/p>\n<p style=\u00ab font-weight : 400 ; \u00bb><strong>Art. 20 &#8211; <\/strong>L&rsquo;assembl\u00e9e g\u00e9n\u00e9rale fixe le nombre des membres du conseil d&rsquo;administration, sans pouvoir exc\u00e9der 20 membres. <\/p>\n<p style=\u00ab font-weight : 400 ; \u00bb>La parit\u00e9 entre les r\u00e9gions doit \u00eatre respect\u00e9e dans la mesure du possible.<\/p>\n<p style=\u00ab font-weight : 400 ; \u00bb>Chaque pays ou r\u00e9gion propose parmi ses membres 1\/5 des membres du conseil d&rsquo;administration.<\/p>\n<p style=\u00ab font-weight : 400 ; \u00bb>Le mandat du conseil d&rsquo;administration est de cinq ans. Le mandat est renouvelable. Le premier mandat est de 5 ans.<\/p>\n<p style=\u00ab font-weight : 400 ; \u00bb><strong>Art. 21 &#8211; <\/strong>Une r\u00e9union du conseil d&rsquo;administration doit \u00eatre convoqu\u00e9e \u00e0 la demande du \u00bc des membres du conseil d&rsquo;administration ; les demandeurs indiquent les points qu&rsquo;ils souhaitent voir figurer \u00e0 l&rsquo;ordre du jour.<\/p>\n<p style=\u00ab font-weight : 400 ; \u00bb><strong>Art. 22 &#8211; <\/strong>En l&rsquo;absence du pr\u00e9sident, ses fonctions sont exerc\u00e9es par l&rsquo;un des quatre vice-pr\u00e9sidents ou, \u00e0 d\u00e9faut, par le plus \u00e2g\u00e9 des membres pr\u00e9sents.<\/p>\n<p style=\u00ab font-weight : 400 ; \u00bb><strong>Art. 23 &#8211; <\/strong>Le conseil d&rsquo;administration ne d\u00e9lib\u00e8re valablement que si la majorit\u00e9 des membres du conseil est pr\u00e9sente ou repr\u00e9sent\u00e9e. Ses d\u00e9cisions sont prises \u00e0 la majorit\u00e9 des voix pr\u00e9sentes ou repr\u00e9sent\u00e9es ; en cas de partage des voix, celle du pr\u00e9sident ou de celui qui le remplace est pr\u00e9pond\u00e9rante.<\/p>\n<p style=\u00ab font-weight : 400 ; \u00bb>Pour le calcul du quorum et de la majorit\u00e9 requise, sont r\u00e9put\u00e9s pr\u00e9sents les administrateurs qui participent \u00e0 la r\u00e9union du conseil d&rsquo;administration par visioconf\u00e9rence ou par des moyens de t\u00e9l\u00e9communication permettant leur identification. <\/p>\n<p style=\u00ab font-weight : 400 ; \u00bb>Dans des cas exceptionnels et justifi\u00e9s, les d\u00e9cisions du conseil d&rsquo;administration peuvent \u00eatre prises par consentement unanime des administrateurs, exprim\u00e9 par \u00e9crit.<\/p>\n<p style=\u00ab font-weight : 400 ; \u00bb><strong>Art. 24 &#8211; <\/strong>Le conseil d&rsquo;administration peut, de sa propre initiative ou \u00e0 la demande des membres, cr\u00e9er des groupes de travail charg\u00e9s d&rsquo;\u00e9tudier certains sujets d&rsquo;int\u00e9r\u00eat actuel en rapport avec l&rsquo;objet de l&rsquo;association. Ces groupes de travail sont compos\u00e9s de personnes d\u00e9sign\u00e9es par les membres de l&rsquo;association.<\/p>\n<p style=\u00ab font-weight : 400 ; \u00bb><strong>Art. 25 &#8211; <\/strong>Les membres du conseil d&rsquo;administration ne contractent aucune obligation personnelle en raison de leur fonction et ne sont responsables que de l&rsquo;ex\u00e9cution de leur mandat. Celui-ci est en principe exerc\u00e9 \u00e0 titre b\u00e9n\u00e9vole. Il n&rsquo;est pas d\u00e9rog\u00e9 \u00e0 l&rsquo;indemnisation des frais. Le r\u00e8glement int\u00e9rieur en fixe les modalit\u00e9s.<\/p>\n<p style=\u00ab font-weight : 400 ; \u00bb><strong>Art. 26 &#8211; <\/strong>Les membres du conseil d&rsquo;administration peuvent \u00eatre r\u00e9voqu\u00e9s par l&rsquo;assembl\u00e9e g\u00e9n\u00e9rale pour motifs graves \u00e0 la majorit\u00e9 des \u00be des membres pr\u00e9sents ou repr\u00e9sent\u00e9s, le membre ayant \u00e9t\u00e9 entendu en sa d\u00e9fense. <\/p>\n<h3 style=\u00ab font-weight : 400 ; \u00bb><strong>Titre VII &#8211; Le conseil d&rsquo;administration<\/strong><\/h3>\n<p style=\u00ab font-weight : 400 ; \u00bb><strong> <\/strong><strong style=\u00ab font-style : inherit ; font-family : var( --e-global-typography-text-font-family ), Sans-serif ; text-align : var(--text-align) ; \u00bb>Art. 27 &#8211; <\/strong>Le bureau est compos\u00e9 du\/de la pr\u00e9sident(e), des quatre vice-pr\u00e9sident(e)s, du\/de la secr\u00e9taire et du\/de la tr\u00e9sorier(e). <\/p>\n<p style=\u00ab font-weight : 400 ; \u00bb><strong>Art. 28 &#8211; <\/strong>Le conseil d&rsquo;administration est charg\u00e9 de la gestion quotidienne de l&rsquo;association : Le r\u00e8glement int\u00e9rieur en fixe les modalit\u00e9s.<\/p>\n<p style=\u00ab font-weight : 400 ; \u00bb><strong>Art. 29 &#8211; <\/strong>Le conseil d&rsquo;administration se r\u00e9unit sur convocation \u00e9crite du\/de la pr\u00e9sident(e) ou, en son absence, de l&rsquo;un(e) des vice-pr\u00e9sidents(es). <\/p>\n<p style=\u00ab font-weight : 400 ; \u00bb><strong>Art. 30 &#8211; <\/strong>\u00c0 l&rsquo;\u00e9gard des tiers, l&rsquo;association est valablement engag\u00e9e par la signature conjointe de deux membres du conseil d&rsquo;administration, sans qu&rsquo;ils aient \u00e0 justifier d&rsquo;une d\u00e9cision, d&rsquo;une autorisation ou de toute autre procuration sp\u00e9ciale. <\/p>\n<p style=\u00ab font-weight : 400 ; \u00bb>Les actions en justice, tant en demande qu&rsquo;en d\u00e9fense, sont engag\u00e9es ou soutenues au seul nom de l&rsquo;association. <\/p>\n<h3 style=\u00ab font-weight : 400 ; \u00bb><strong>Titre IX &#8211; Dispositions diverses<\/strong><\/h3>\n<p style=\u00ab font-weight : 400 ; \u00bb><strong> <\/strong><strong style=\u00ab font-style : inherit ; font-family : var( --e-global-typography-text-font-family ), Sans-serif ; text-align : var(--text-align) ; \u00bb>Art. 31 &#8211; <\/strong>L&rsquo;exercice social est l&rsquo;ann\u00e9e civile. <\/p>\n<p style=\u00ab font-weight : 400 ; \u00bb><strong>Art. 32 &#8211; <\/strong>Tout ce qui n&rsquo;est pas express\u00e9ment pr\u00e9vu dans les pr\u00e9sents statuts est r\u00e9gi par la loi modifi\u00e9e du 7 ao\u00fbt 2023 relative aux associations sans but lucratif.<\/p>\n<p style=\u00ab font-weight : 400 ; \u00bb><strong>Art. 33 &#8211; <\/strong>Afin d&rsquo;assurer la mise en place de l&rsquo;association, les membres fondateurs restent membres de droit de l&rsquo;association pour un premier mandat, m\u00eame si cela ne correspond pas aux d\u00e9finitions de l&rsquo;article 5. <\/p>\n<p style=\u00ab font-weight : 400 ; \u00bb>Signatures :<\/p>\n<\/p>\n<table style=\u00ab font-weight : 400 ; \u00bb>\n<tbody>\n<tr>\n<td width=\u00ab 180 \u00bb>ARNOLD Lothar<\/td>\n<td width=\u00ab 180 \u00bb>CLEMENT Jeannot<\/td>\n<td width=\u00ab 180 \u00bb>DEMORTIER Serge<\/td>\n<\/tr>\n<tr>\n<td width=\u00ab 180 \u00bb>RIBIC Esther pour EUROP&rsquo;age Saar-Lor-Lux e. V.<\/td>\n<td width=\u00ab 1 \u00bb>GIESEN Helmut<\/td>\n<td width=\u00ab 180 \u00bb>LHERMITTE Claude<\/td>\n<\/tr>\n<td width=\u00ab 180 \u00bb>MAUER Romain<\/td>\n<td width=\u00ab 1 \u00bb>SIMON Christian<\/td>\n<td width=\u00ab 180 \u00bb>\n<p>SPRENGER Antoine<\/p>\n<\/td>\n<\/tr>\n<\/tbody>\n<\/table>\n<p style=\u00ab font-weight : 400 ; \u00bb>Schengen, le 18. juin 2024<\/p>\n","protected":false},"excerpt":{"rendered":"<p>Statuts Traduction r\u00e9alis\u00e9e par un logiciel ; la version fran\u00e7aise fait foi Pr\u00e9ambule Art. 1 &#8211; L&rsquo;association porte le nom de \u00ab Conseil des Seniors de la Grande R\u00e9gion a.s.b.l. [&hellip;]<\/p>\n","protected":false},"author":1,"featured_media":0,"parent":0,"menu_order":0,"comment_status":"closed","ping_status":"closed","template":"","meta":{"_acf_changed":false,"site-sidebar-layout":"default","site-content-layout":"","ast-site-content-layout":"","site-content-style":"default","site-sidebar-style":"default","ast-global-header-display":"","ast-banner-title-visibility":"","ast-main-header-display":"","ast-hfb-above-header-display":"","ast-hfb-below-header-display":"","ast-hfb-mobile-header-display":"","site-post-title":"","ast-breadcrumbs-content":"","ast-featured-img":"","footer-sml-layout":"","theme-transparent-header-meta":"","adv-header-id-meta":"","stick-header-meta":"","header-above-stick-meta":"","header-main-stick-meta":"","header-below-stick-meta":"","astra-migrate-meta-layouts":"default","ast-page-background-enabled":"default","ast-page-background-meta":{"desktop":{"background-color":"var(--ast-global-color-4)","background-image":"","background-repeat":"repeat","background-position":"center center","background-size":"auto","background-attachment":"scroll","background-type":"","background-media":"","overlay-type":"","overlay-color":"","overlay-opacity":"","overlay-gradient":""},"tablet":{"background-color":"","background-image":"","background-repeat":"repeat","background-position":"center center","background-size":"auto","background-attachment":"scroll","background-type":"","background-media":"","overlay-type":"","overlay-color":"","overlay-opacity":"","overlay-gradient":""},"mobile":{"background-color":"","background-image":"","background-repeat":"repeat","background-position":"center center","background-size":"auto","background-attachment":"scroll","background-type":"","background-media":"","overlay-type":"","overlay-color":"","overlay-opacity":"","overlay-gradient":""}},"ast-content-background-meta":{"desktop":{"background-color":"var(--ast-global-color-5)","background-image":"","background-repeat":"repeat","background-position":"center center","background-size":"auto","background-attachment":"scroll","background-type":"","background-media":"","overlay-type":"","overlay-color":"","overlay-opacity":"","overlay-gradient":""},"tablet":{"background-color":"var(--ast-global-color-5)","background-image":"","background-repeat":"repeat","background-position":"center center","background-size":"auto","background-attachment":"scroll","background-type":"","background-media":"","overlay-type":"","overlay-color":"","overlay-opacity":"","overlay-gradient":""},"mobile":{"background-color":"var(--ast-global-color-5)","background-image":"","background-repeat":"repeat","background-position":"center center","background-size":"auto","background-attachment":"scroll","background-type":"","background-media":"","overlay-type":"","overlay-color":"","overlay-opacity":"","overlay-gradient":""}},"footnotes":""},"class_list":["post-84","page","type-page","status-publish","hentry"],"acf":[],"_links":{"self":[{"href":"https:\/\/seniorgr.eu\/fr\/wp-json\/wp\/v2\/pages\/84","targetHints":{"allow":["GET"]}}],"collection":[{"href":"https:\/\/seniorgr.eu\/fr\/wp-json\/wp\/v2\/pages"}],"about":[{"href":"https:\/\/seniorgr.eu\/fr\/wp-json\/wp\/v2\/types\/page"}],"author":[{"embeddable":true,"href":"https:\/\/seniorgr.eu\/fr\/wp-json\/wp\/v2\/users\/1"}],"replies":[{"embeddable":true,"href":"https:\/\/seniorgr.eu\/fr\/wp-json\/wp\/v2\/comments?post=84"}],"version-history":[{"count":3,"href":"https:\/\/seniorgr.eu\/fr\/wp-json\/wp\/v2\/pages\/84\/revisions"}],"predecessor-version":[{"id":2049,"href":"https:\/\/seniorgr.eu\/fr\/wp-json\/wp\/v2\/pages\/84\/revisions\/2049"}],"wp:attachment":[{"href":"https:\/\/seniorgr.eu\/fr\/wp-json\/wp\/v2\/media?parent=84"}],"curies":[{"name":"wp","href":"https:\/\/api.w.org\/{rel}","templated":true}]}}