{"id":4146,"date":"2025-10-06T22:37:15","date_gmt":"2025-10-06T20:37:15","guid":{"rendered":"https:\/\/seniorgr.eu\/conference-20251110-inscription\/"},"modified":"2025-10-12T23:15:19","modified_gmt":"2025-10-12T21:15:19","slug":"conference-20251110-inscription","status":"publish","type":"page","link":"https:\/\/seniorgr.eu\/fr\/conference-20251110-inscription\/","title":{"rendered":"Conf\u00e9rence_20251110_inscription"},"content":{"rendered":"\t\t<div data-elementor-type=\"wp-page\" data-elementor-id=\"4146\" class=\"elementor elementor-4146 elementor-4061\" data-elementor-post-type=\"page\">\n\t\t\t\t<div class=\"elementor-element elementor-element-af818c1 e-flex e-con-boxed e-con e-parent\" data-id=\"af818c1\" data-element_type=\"container\" data-e-type=\"container\">\n\t\t\t\t\t<div class=\"e-con-inner\">\n\t\t<div class=\"elementor-element elementor-element-de1ee4c e-con-full e-flex e-con e-child\" data-id=\"de1ee4c\" data-element_type=\"container\" data-e-type=\"container\">\n\t\t\t\t<div class=\"elementor-element elementor-element-7515ca9 elementor-widget__width-initial elementor-widget-tablet__width-initial elementor-widget elementor-widget-heading\" data-id=\"7515ca9\" data-element_type=\"widget\" data-e-type=\"widget\" data-widget_type=\"heading.default\">\n\t\t\t\t<div class=\"elementor-widget-container\">\n\t\t\t\t\t<h1 class=\"elementor-heading-title elementor-size-default\">Conf\u00e9rence sur l'\u00e2gisme <br>10 novembre 2025\u00e0 Luxembourg (ville)<\/h1>\t\t\t\t<\/div>\n\t\t\t\t<\/div>\n\t\t\t\t<div class=\"elementor-element elementor-element-33fc5b1 elementor-widget__width-initial elementor-widget-tablet__width-initial elementor-widget elementor-widget-image\" data-id=\"33fc5b1\" data-element_type=\"widget\" data-e-type=\"widget\" data-widget_type=\"image.default\">\n\t\t\t\t<div class=\"elementor-widget-container\">\n\t\t\t\t\t\t\t\t\t\t\t\t\t\t\t<img decoding=\"async\" width=\"195\" height=\"158\" src=\"https:\/\/seniorgr.eu\/wp-content\/uploads\/2025\/01\/logo.jpg\" class=\"attachment-medium_large size-medium_large wp-image-3025\" alt=\"\" \/>\t\t\t\t\t\t\t\t\t\t\t\t\t\t\t<\/div>\n\t\t\t\t<\/div>\n\t\t\t\t<\/div>\n\t\t\t\t<div class=\"elementor-element elementor-element-4a1f1d6 elementor-widget elementor-widget-text-editor\" data-id=\"4a1f1d6\" data-element_type=\"widget\" data-e-type=\"widget\" data-widget_type=\"text-editor.default\">\n\t\t\t\t<div class=\"elementor-widget-container\">\n\t\t\t\t\t\t\t\t\t<p>Le Conseil des seniors de la Grande R\u00e9gion organise, en collaboration avec Amiperas, une conf\u00e9rence sur l\u2019\u00e2gisme.<\/p>\n<p>Cette conf\u00e9rence <span lang=\"FR\">se d\u00e9roulera \u00e0 Luxembourg ville le 10 novembre 2025 et <\/span>sera consacr\u00e9e aux multiples facettes de la discrimination li\u00e9e \u00e0 l&rsquo;\u00e2ge dans diff\u00e9rents domaines de la vie, en particulier dans le travail, la sant\u00e9 et la vie publique.<\/p>\n<p>L&rsquo;objectif de la conf\u00e9rence est de r\u00e9unir des connaissances scientifiques, des perspectives politiques et des exp\u00e9riences pratiques afin de discuter ensemble des moyens de parvenir \u00e0 une soci\u00e9t\u00e9 plus adapt\u00e9e aux personnes \u00e2g\u00e9es et exempte de discrimination.<\/p>\n<p>Outre des expos\u00e9s sp\u00e9cialis\u00e9s, le programme offre un espace d&rsquo;\u00e9change, de mise en r\u00e9seau et d&rsquo;\u00e9laboration de recommandations concr\u00e8tes.<\/p>\n<p><i>Les expos\u00e9s seront<\/i><i> <span lang=\"FR\">tenus <\/span>en fran\u00e7ais<\/i><i><span lang=\"FR\">\u00a0!<\/span><\/i><\/p>\n\t\t\t\t\t\t\t\t<\/div>\n\t\t\t\t<\/div>\n\t\t\t\t<div class=\"elementor-element elementor-element-c4b9d98 elementor-widget elementor-widget-shortcode\" data-id=\"c4b9d98\" data-element_type=\"widget\" data-e-type=\"widget\" data-widget_type=\"shortcode.default\">\n\t\t\t\t<div class=\"elementor-widget-container\">\n\t\t\t\t\t\t\t<div class=\"elementor-shortcode\"><div class=\"frm_forms  with_frm_style frm_style_sleek-smooth-style\" id=\"frm_form_22_container\" >\n<form enctype=\"multipart\/form-data\" method=\"post\" class=\"frm-show-form  frm_pro_form \" id=\"form_hat12\" >\n<div class=\"frm_form_fields \">\n<fieldset>\n<legend class=\"frm_screen_reader\">Formulaire inscription 20251110<\/legend>\r\n\r\n<div class=\"frm_fields_container\">\n<input type=\"hidden\" name=\"frm_action\" value=\"create\" \/>\n<input type=\"hidden\" name=\"form_id\" value=\"22\" \/>\n<input type=\"hidden\" name=\"frm_hide_fields_22\" id=\"frm_hide_fields_22\" value=\"\" \/>\n<input type=\"hidden\" name=\"form_key\" value=\"hat12\" \/>\n<input type=\"hidden\" name=\"item_meta[0]\" value=\"\" \/>\n<input type=\"hidden\" id=\"frm_submit_entry_22\" name=\"frm_submit_entry_22\" value=\"5df103870a\" \/><input type=\"hidden\" name=\"_wp_http_referer\" value=\"\/fr\/wp-json\/wp\/v2\/pages\/4146\" \/><div id=\"frm_field_1012_container\" class=\"frm_form_field form-field  frm_top_container frm4 frm_first vertical_radio\">\r\n\t<label for=\"field_56ghw\" id=\"field_56ghw_label\" class=\"frm_primary_label\">Titre \/ Anrede\r\n\t\t<span class=\"frm_required\" aria-hidden=\"true\"><\/span>\r\n\t<\/label>\r\n\t\t\t<div class=\"frm_checkbox\" id=\"frm_checkbox_1012-0\">\t\t\t<label  for=\"field_56ghw-0\">\n\t\t\t<input type=\"checkbox\" name=\"item_meta[1012][]\" id=\"field_56ghw-0\" value=\"Madame \/ Frau\"  data-invmsg=\"Titre \/ Anrede ist ung\u00fcltig\" aria-invalid=\"false\"   \/> Madame \/ Frau<\/label><\/div>\n\t\t<div class=\"frm_checkbox\" id=\"frm_checkbox_1012-1\">\t\t\t<label  for=\"field_56ghw-1\">\n\t\t\t<input type=\"checkbox\" name=\"item_meta[1012][]\" id=\"field_56ghw-1\" value=\"Monsieur \/ Herr\"  data-invmsg=\"Titre \/ Anrede ist ung\u00fcltig\" aria-invalid=\"false\"   \/> Monsieur \/ Herr<\/label><\/div>\n\r\n\t\r\n\t\r\n<\/div>\n<div id=\"frm_field_1019_container\" class=\"frm_form_field form-field  frm_top_container frm4\">\r\n\t<label for=\"field_h2rlw\" id=\"field_h2rlw_label\" class=\"frm_primary_label\">Pr\u00e9nom \/ Vorname\r\n\t\t<span class=\"frm_required\" aria-hidden=\"true\"><\/span>\r\n\t<\/label>\r\n\t<input  type=\"text\" id=\"field_h2rlw\" name=\"item_meta[1019]\" value=\"\"  data-invmsg=\"Pr\u00e9nom \/ Vorname ist ung\u00fcltig\" aria-invalid=\"false\"   \/>\r\n\t\r\n\t\r\n<\/div>\n<div id=\"frm_field_1020_container\" class=\"frm_form_field form-field  frm_required_field frm_top_container frm4\">\r\n\t<label for=\"field_h15of\" id=\"field_h15of_label\" class=\"frm_primary_label\">Nom \/ Name\r\n\t\t<span class=\"frm_required\" aria-hidden=\"true\">*<\/span>\r\n\t<\/label>\r\n\t<input  type=\"text\" id=\"field_h15of\" name=\"item_meta[1020]\" value=\"\"  data-reqmsg=\"Nom \/ Name kann nicht leer sein.\" aria-required=\"true\" data-invmsg=\"Nom \/ Name ist ung\u00fcltig\" aria-invalid=\"false\"   \/>\r\n\t\r\n\t\r\n<\/div>\n<div id=\"frm_field_1014_container\" class=\"frm_form_field form-field  frm_top_container frm4 frm_first\">\r\n\t<label for=\"field_78fka\" id=\"field_78fka_label\" class=\"frm_primary_label\">Organisation\r\n\t\t<span class=\"frm_required\" aria-hidden=\"true\"><\/span>\r\n\t<\/label>\r\n\t<input  type=\"text\" id=\"field_78fka\" name=\"item_meta[1014]\" value=\"\"  data-invmsg=\"Organisation ist ung\u00fcltig\" aria-invalid=\"false\"   \/>\r\n\t\r\n\t\r\n<\/div>\n<div id=\"frm_field_1021_container\" class=\"frm_form_field form-field  frm_top_container frm4\">\r\n\t<label for=\"field_k1rhk\" id=\"field_k1rhk_label\" class=\"frm_primary_label\">E-mail\r\n\t\t<span class=\"frm_required\" aria-hidden=\"true\"><\/span>\r\n\t<\/label>\r\n\t<input  type=\"text\" id=\"field_k1rhk\" name=\"item_meta[1021]\" value=\"\"  data-invmsg=\"E-mail ist ung\u00fcltig\" aria-invalid=\"false\"   \/>\r\n\t\r\n\t\r\n<\/div>\n<div id=\"frm_field_1015_container\" class=\"frm_form_field form-field  frm_required_field frm_top_container frm4\">\r\n\t<label for=\"field_7n795\" id=\"field_7n795_label\" class=\"frm_primary_label\">Nombre participants \/ Anzahl Teilnehmer\r\n\t\t<span class=\"frm_required\" aria-hidden=\"true\">*<\/span>\r\n\t<\/label>\r\n\t<input type=\"number\" id=\"field_7n795\" name=\"item_meta[1015]\" value=\"\" data-reqmsg=\"Nombre participants \/ Anzahl Teilnehmer kann nicht leer sein.\" aria-required=\"true\" data-invmsg=\"Nombre participants \/ Anzahl Teilnehmer ist ung\u00fcltig\" aria-invalid=\"false\"   min=\"1\" max=\"99\" step=\"any\" \/>\r\n\t\r\n\t\r\n<\/div>\n<div id=\"frm_field_1018_container\" class=\"frm_form_field form-field  frm_top_container frm6 frm_first vertical_radio\">\r\n\t<div  id=\"field_8f1ch_label\" class=\"frm_primary_label\">R\u00e9gion \/ Region\r\n\t\t<span class=\"frm_required\" aria-hidden=\"true\"><\/span>\r\n\t<\/div>\r\n\t<div class=\"frm_opt_container\" aria-labelledby=\"field_8f1ch_label\" role=\"group\">\t\t<div class=\"frm_checkbox\" id=\"frm_checkbox_1018-0\">\t\t\t<label  for=\"field_8f1ch-0\">\n\t\t\t<input type=\"checkbox\" name=\"item_meta[1018][]\" id=\"field_8f1ch-0\" value=\"Lorraine \/ Lothringen\"  data-invmsg=\"R\u00e9gion \/ Region ist ung\u00fcltig\" aria-invalid=\"false\"   \/> Lorraine \/ Lothringen<\/label><\/div>\n\t\t<div class=\"frm_checkbox\" id=\"frm_checkbox_1018-1\">\t\t\t<label  for=\"field_8f1ch-1\">\n\t\t\t<input type=\"checkbox\" name=\"item_meta[1018][]\" id=\"field_8f1ch-1\" value=\"Luxembourg \/ Luxemburg\"  data-invmsg=\"R\u00e9gion \/ Region ist ung\u00fcltig\" aria-invalid=\"false\"   \/> Luxembourg \/ Luxemburg<\/label><\/div>\n\t\t<div class=\"frm_checkbox\" id=\"frm_checkbox_1018-3\">\t\t\t<label  for=\"field_8f1ch-3\">\n\t\t\t<input type=\"checkbox\" name=\"item_meta[1018][]\" id=\"field_8f1ch-3\" value=\"Rh\u00e9nanie-Palatinat \/ Rheinland-Pfalz\"  data-invmsg=\"R\u00e9gion \/ Region ist ung\u00fcltig\" aria-invalid=\"false\"   \/> Rh\u00e9nanie-Palatinat \/ Rheinland-Pfalz<\/label><\/div>\n\t\t<div class=\"frm_checkbox\" id=\"frm_checkbox_1018-4\">\t\t\t<label  for=\"field_8f1ch-4\">\n\t\t\t<input type=\"checkbox\" name=\"item_meta[1018][]\" id=\"field_8f1ch-4\" value=\"Sarre \/ Saarland\"  data-invmsg=\"R\u00e9gion \/ Region ist ung\u00fcltig\" aria-invalid=\"false\"   \/> Sarre \/ Saarland<\/label><\/div>\n\t\t<div class=\"frm_checkbox\" id=\"frm_checkbox_1018-5\">\t\t\t<label  for=\"field_8f1ch-5\">\n\t\t\t<input type=\"checkbox\" name=\"item_meta[1018][]\" id=\"field_8f1ch-5\" value=\"Wallonie \/ Wallonien\"  data-invmsg=\"R\u00e9gion \/ Region ist ung\u00fcltig\" aria-invalid=\"false\"   \/> Wallonie \/ Wallonien<\/label><\/div>\n\t\t<div class=\"frm_checkbox\" id=\"frm_checkbox_1018-6\">\t\t\t<label  for=\"field_8f1ch-6\">\n\t\t\t<input type=\"checkbox\" name=\"item_meta[1018][]\" id=\"field_8f1ch-6\" value=\"Autres \/ Andere\"  data-invmsg=\"R\u00e9gion \/ Region ist ung\u00fcltig\" aria-invalid=\"false\"   \/> Autres \/ Andere<\/label><\/div>\n<\/div>\r\n\t\r\n\t\r\n<\/div>\n<input type=\"hidden\" name=\"item_meta[1022]\" id=\"field_v3k52\" value=\"CSGR-K01\"  data-frmval=\"CSGR-K01\"   \/>\n<div id=\"frm_field_1017_container\" class=\"frm_form_field form-field \">\r\n\t<div class=\"frm_submit frm_flex\">\r\n<button class=\"frm_button_submit frm_final_submit\" type=\"submit\"  >Senden \/ envoyer<\/button>\r\n\r\n\r\n\r\n<\/div>\r\n<\/div>\n\t<input type=\"hidden\" name=\"item_key\" value=\"\" \/>\n\t\t\t<div id=\"frm_field_1028_container\">\n\t\t\t<label for=\"field_xirxv\" >\n\t\t\t\tSi vous \u00eates un humain, ne remplissez pas ce champ.\t\t\t<\/label>\n\t\t\t<input  id=\"field_xirxv\" type=\"text\" class=\"frm_form_field form-field frm_verify\" name=\"item_meta[1028]\" value=\"\"  \/>\n\t\t<\/div>\n\t\t<input name=\"frm_state\" type=\"hidden\" value=\"ozqaQFvoKDk3eEsS3rcBMx9bnY222kVnLu27wvi\/hKLY8dPyizKn\/Qfo1G398EVP\" \/><\/div>\n<\/fieldset>\n<\/div>\n\n<\/form>\n<\/div>\n<\/div>\n\t\t\t\t\t\t<\/div>\n\t\t\t\t<\/div>\n\t\t<div class=\"elementor-element elementor-element-1b41a83 e-con-full e-flex e-con e-child\" data-id=\"1b41a83\" data-element_type=\"container\" data-e-type=\"container\">\n\t\t\t\t<div class=\"elementor-element elementor-element-f611774 elementor-widget elementor-widget-google_maps\" data-id=\"f611774\" data-element_type=\"widget\" data-e-type=\"widget\" data-widget_type=\"google_maps.default\">\n\t\t\t\t<div class=\"elementor-widget-container\">\n\t\t\t\t\t\t\t<div class=\"elementor-custom-embed\">\n\t\t\t<iframe loading=\"lazy\"\n\t\t\t\t\tsrc=\"https:\/\/maps.google.com\/maps?q=3%20Rue%20Genistre%2C%201623%20Ville-Haute%20Luxembourg&#038;t=m&#038;z=17&#038;output=embed&#038;iwloc=near\"\n\t\t\t\t\ttitle=\"3 Rue Genistre, 1623 Ville-Haute Luxembourg\"\n\t\t\t\t\taria-label=\"3 Rue Genistre, 1623 Ville-Haute Luxembourg\"\n\t\t\t><\/iframe>\n\t\t<\/div>\n\t\t\t\t\t\t<\/div>\n\t\t\t\t<\/div>\n\t\t\t\t<\/div>\n\t\t\t\t<div class=\"elementor-element elementor-element-663998b elementor-widget elementor-widget-text-editor\" data-id=\"663998b\" data-element_type=\"widget\" data-e-type=\"widget\" data-widget_type=\"text-editor.default\">\n\t\t\t\t<div class=\"elementor-widget-container\">\n\t\t\t\t\t\t\t\t\t<h4><span style=\"text-decoration: underline;\"><span lang=\"EN-GB\">Nationale Datenschutzbeh\u00f6rden \/autorit\u00e9s nationales de protection des donn\u00e9es<\/span><\/span><\/h4>\n\t\t\t\t\t\t\t\t<\/div>\n\t\t\t\t<\/div>\n\t\t<div class=\"elementor-element elementor-element-aac1e32 e-con-full e-flex e-con e-child\" data-id=\"aac1e32\" data-element_type=\"container\" data-e-type=\"container\">\n\t\t\t\t<div class=\"elementor-element elementor-element-fc8ffd8 elementor-widget__width-initial elementor-widget elementor-widget-image\" data-id=\"fc8ffd8\" data-element_type=\"widget\" data-e-type=\"widget\" data-widget_type=\"image.default\">\n\t\t\t\t<div class=\"elementor-widget-container\">\n\t\t\t\t\t\t\t\t\t\t\t\t\t\t\t\t<a href=\"https:\/\/www.cnil.fr\/fr\">\n\t\t\t\t\t\t\t<img fetchpriority=\"high\" decoding=\"async\" width=\"298\" height=\"169\" src=\"https:\/\/seniorgr.eu\/wp-content\/uploads\/2025\/04\/cnil.jpeg\" class=\"attachment-medium size-medium wp-image-3889\" alt=\"\" \/>\t\t\t\t\t\t\t\t<\/a>\n\t\t\t\t\t\t\t\t\t\t\t\t\t\t\t<\/div>\n\t\t\t\t<\/div>\n\t\t\t\t<div class=\"elementor-element elementor-element-20c494e elementor-widget__width-initial elementor-widget elementor-widget-image\" data-id=\"20c494e\" data-element_type=\"widget\" data-e-type=\"widget\" data-widget_type=\"image.default\">\n\t\t\t\t<div class=\"elementor-widget-container\">\n\t\t\t\t\t\t\t\t\t\t\t\t\t\t\t\t<a href=\"https:\/\/cnpd.public.lu\/fr.html\">\n\t\t\t\t\t\t\t<img decoding=\"async\" width=\"124\" height=\"116\" src=\"https:\/\/seniorgr.eu\/wp-content\/uploads\/2025\/04\/cnpd.png\" class=\"attachment-medium size-medium wp-image-3885\" alt=\"\" \/>\t\t\t\t\t\t\t\t<\/a>\n\t\t\t\t\t\t\t\t\t\t\t\t\t\t\t<\/div>\n\t\t\t\t<\/div>\n\t\t\t\t<div class=\"elementor-element elementor-element-fc50bf0 elementor-widget__width-initial elementor-widget elementor-widget-image\" data-id=\"fc50bf0\" data-element_type=\"widget\" data-e-type=\"widget\" data-widget_type=\"image.default\">\n\t\t\t\t<div class=\"elementor-widget-container\">\n\t\t\t\t\t\t\t\t\t\t\t\t<figure class=\"wp-caption\">\n\t\t\t\t\t\t\t\t\t\t\t<a href=\"https:\/\/www.autoriteprotectiondonnees.be\/citoyen\">\n\t\t\t\t\t\t\t<img loading=\"lazy\" decoding=\"async\" width=\"1\" height=\"1\" src=\"https:\/\/seniorgr.eu\/wp-content\/uploads\/2025\/04\/apd-copy.tif\" class=\"attachment-medium size-medium wp-image-3905\" alt=\"\" \/>\t\t\t\t\t\t\t\t<\/a>\n\t\t\t\t\t\t\t\t\t\t\t<figcaption class=\"widget-image-caption wp-caption-text\">Autorit\u00e9 de protection des donn\u00e9es<\/figcaption>\n\t\t\t\t\t\t\t\t\t\t<\/figure>\n\t\t\t\t\t\t\t\t\t<\/div>\n\t\t\t\t<\/div>\n\t\t\t\t<div class=\"elementor-element elementor-element-88cf407 elementor-widget__width-initial elementor-widget elementor-widget-image\" data-id=\"88cf407\" data-element_type=\"widget\" data-e-type=\"widget\" data-widget_type=\"image.default\">\n\t\t\t\t<div class=\"elementor-widget-container\">\n\t\t\t\t\t\t\t\t\t\t\t\t\t\t\t\t<a href=\"https:\/\/www.bfdi.bund.de\/DE\/Home\/home_node.html\">\n\t\t\t\t\t\t\t<img loading=\"lazy\" decoding=\"async\" width=\"1\" height=\"1\" src=\"https:\/\/seniorgr.eu\/wp-content\/uploads\/2025\/04\/bfdi-copy.tif\" class=\"attachment-medium size-medium wp-image-3901\" alt=\"\" \/>\t\t\t\t\t\t\t\t<\/a>\n\t\t\t\t\t\t\t\t\t\t\t\t\t\t\t<\/div>\n\t\t\t\t<\/div>\n\t\t\t\t<\/div>\n\t\t\t\t<div class=\"elementor-element elementor-element-386db3a elementor-widget__width-initial elementor-widget elementor-widget-image\" data-id=\"386db3a\" data-element_type=\"widget\" data-e-type=\"widget\" data-widget_type=\"image.default\">\n\t\t\t\t<div class=\"elementor-widget-container\">\n\t\t\t\t\t\t\t\t\t\t\t\t\t\t\t<img loading=\"lazy\" decoding=\"async\" width=\"1\" height=\"1\" src=\"https:\/\/seniorgr.eu\/wp-content\/uploads\/2025\/04\/apd-copy.tif\" class=\"attachment-medium size-medium wp-image-3905\" alt=\"\" \/>\t\t\t\t\t\t\t\t\t\t\t\t\t\t\t<\/div>\n\t\t\t\t<\/div>\n\t\t\t\t\t<\/div>\n\t\t\t\t<\/div>\n\t\t\t\t<\/div>\n\t\t","protected":false},"excerpt":{"rendered":"<p>Conf\u00e9rence sur l&rsquo;\u00e2gisme 10 novembre 2025\u00e0 Luxembourg (ville) Le Conseil des seniors de la Grande R\u00e9gion organise, en collaboration avec Amiperas, une conf\u00e9rence sur l\u2019\u00e2gisme. Cette conf\u00e9rence se d\u00e9roulera \u00e0 [&hellip;]<\/p>\n","protected":false},"author":4,"featured_media":2354,"parent":0,"menu_order":0,"comment_status":"closed","ping_status":"closed","template":"","meta":{"_acf_changed":false,"site-sidebar-layout":"no-sidebar","site-content-layout":"","ast-site-content-layout":"full-width-container","site-content-style":"default","site-sidebar-style":"default","ast-global-header-display":"","ast-banner-title-visibility":"","ast-main-header-display":"","ast-hfb-above-header-display":"","ast-hfb-below-header-display":"","ast-hfb-mobile-header-display":"","site-post-title":"disabled","ast-breadcrumbs-content":"","ast-featured-img":"disabled","footer-sml-layout":"","theme-transparent-header-meta":"","adv-header-id-meta":"","stick-header-meta":"","header-above-stick-meta":"","header-main-stick-meta":"","header-below-stick-meta":"","astra-migrate-meta-layouts":"default","ast-page-background-enabled":"default","ast-page-background-meta":{"desktop":{"background-color":"var(--ast-global-color-4)","background-image":"","background-repeat":"repeat","background-position":"center center","background-size":"auto","background-attachment":"scroll","background-type":"","background-media":"","overlay-type":"","overlay-color":"","overlay-opacity":"","overlay-gradient":""},"tablet":{"background-color":"","background-image":"","background-repeat":"repeat","background-position":"center center","background-size":"auto","background-attachment":"scroll","background-type":"","background-media":"","overlay-type":"","overlay-color":"","overlay-opacity":"","overlay-gradient":""},"mobile":{"background-color":"","background-image":"","background-repeat":"repeat","background-position":"center center","background-size":"auto","background-attachment":"scroll","background-type":"","background-media":"","overlay-type":"","overlay-color":"","overlay-opacity":"","overlay-gradient":""}},"ast-content-background-meta":{"desktop":{"background-color":"var(--ast-global-color-5)","background-image":"","background-repeat":"repeat","background-position":"center center","background-size":"auto","background-attachment":"scroll","background-type":"","background-media":"","overlay-type":"","overlay-color":"","overlay-opacity":"","overlay-gradient":""},"tablet":{"background-color":"var(--ast-global-color-5)","background-image":"","background-repeat":"repeat","background-position":"center center","background-size":"auto","background-attachment":"scroll","background-type":"","background-media":"","overlay-type":"","overlay-color":"","overlay-opacity":"","overlay-gradient":""},"mobile":{"background-color":"var(--ast-global-color-5)","background-image":"","background-repeat":"repeat","background-position":"center center","background-size":"auto","background-attachment":"scroll","background-type":"","background-media":"","overlay-type":"","overlay-color":"","overlay-opacity":"","overlay-gradient":""}},"footnotes":""},"class_list":["post-4146","page","type-page","status-publish","has-post-thumbnail","hentry"],"acf":[],"_links":{"self":[{"href":"https:\/\/seniorgr.eu\/fr\/wp-json\/wp\/v2\/pages\/4146","targetHints":{"allow":["GET"]}}],"collection":[{"href":"https:\/\/seniorgr.eu\/fr\/wp-json\/wp\/v2\/pages"}],"about":[{"href":"https:\/\/seniorgr.eu\/fr\/wp-json\/wp\/v2\/types\/page"}],"author":[{"embeddable":true,"href":"https:\/\/seniorgr.eu\/fr\/wp-json\/wp\/v2\/users\/4"}],"replies":[{"embeddable":true,"href":"https:\/\/seniorgr.eu\/fr\/wp-json\/wp\/v2\/comments?post=4146"}],"version-history":[{"count":3,"href":"https:\/\/seniorgr.eu\/fr\/wp-json\/wp\/v2\/pages\/4146\/revisions"}],"predecessor-version":[{"id":4259,"href":"https:\/\/seniorgr.eu\/fr\/wp-json\/wp\/v2\/pages\/4146\/revisions\/4259"}],"wp:featuredmedia":[{"embeddable":true,"href":"https:\/\/seniorgr.eu\/fr\/wp-json\/wp\/v2\/media\/2354"}],"wp:attachment":[{"href":"https:\/\/seniorgr.eu\/fr\/wp-json\/wp\/v2\/media?parent=4146"}],"curies":[{"name":"wp","href":"https:\/\/api.w.org\/{rel}","templated":true}]}}