{"id":2414,"date":"2024-11-13T21:25:55","date_gmt":"2024-11-13T20:25:55","guid":{"rendered":"https:\/\/seniorgr.eu\/demande-dadhesion\/"},"modified":"2024-11-13T21:46:30","modified_gmt":"2024-11-13T20:46:30","slug":"demande-dadhesion","status":"publish","type":"page","link":"https:\/\/seniorgr.eu\/fr\/demande-dadhesion\/","title":{"rendered":"Demande d&rsquo;adh\u00e9sion"},"content":{"rendered":"\t\t<div data-elementor-type=\"wp-page\" data-elementor-id=\"2414\" class=\"elementor elementor-2414 elementor-2404\" data-elementor-post-type=\"page\">\n\t\t\t\t<div class=\"elementor-element elementor-element-42f1a74 e-flex e-con-boxed e-con e-parent\" data-id=\"42f1a74\" data-element_type=\"container\" data-e-type=\"container\">\n\t\t\t\t\t<div class=\"e-con-inner\">\n\t\t\t\t<div class=\"elementor-element elementor-element-04c5af3 elementor-widget elementor-widget-heading\" data-id=\"04c5af3\" data-element_type=\"widget\" data-e-type=\"widget\" data-widget_type=\"heading.default\">\n\t\t\t\t<div class=\"elementor-widget-container\">\n\t\t\t\t\t<h1 class=\"elementor-heading-title elementor-size-default\">Demande d'adh\u00e9sion<\/h1>\t\t\t\t<\/div>\n\t\t\t\t<\/div>\n\t\t\t\t<div class=\"elementor-element elementor-element-3ffc367 elementor-widget elementor-widget-heading\" data-id=\"3ffc367\" data-element_type=\"widget\" data-e-type=\"widget\" data-widget_type=\"heading.default\">\n\t\t\t\t<div class=\"elementor-widget-container\">\n\t\t\t\t\t<h5 class=\"elementor-heading-title elementor-size-default\">Par la pr\u00e9sente, je demande l'adh\u00e9sion au Conseil Consultatif des Seniors de la Grande R\u00e9gion<\/h5>\t\t\t\t<\/div>\n\t\t\t\t<\/div>\n\t\t\t\t<div class=\"elementor-element elementor-element-84f5b82 elementor-widget elementor-widget-shortcode\" data-id=\"84f5b82\" data-element_type=\"widget\" data-e-type=\"widget\" data-widget_type=\"shortcode.default\">\n\t\t\t\t<div class=\"elementor-widget-container\">\n\t\t\t\t\t\t\t<div class=\"elementor-shortcode\"><div class=\"frm_forms  with_frm_style frm_style_sleek-smooth-style\" id=\"frm_form_11_container\" data-token=\"29e0143730df6d6e68c2341385d8db4a\">\n<form enctype=\"multipart\/form-data\" method=\"post\" class=\"frm-show-form  frm_ajax_submit  frm_pro_form \" id=\"form_mitgliedbeitragfr\" data-token=\"29e0143730df6d6e68c2341385d8db4a\">\n<div class=\"frm_form_fields \">\n<fieldset>\n<legend class=\"frm_screen_reader\">MitgliedbeitragFR<\/legend>\r\n\r\n<div class=\"frm_fields_container\">\n<input type=\"hidden\" name=\"frm_action\" value=\"create\" \/>\n<input type=\"hidden\" name=\"form_id\" value=\"11\" \/>\n<input type=\"hidden\" name=\"frm_hide_fields_11\" id=\"frm_hide_fields_11\" value=\"\" \/>\n<input type=\"hidden\" name=\"form_key\" value=\"mitgliedbeitragfr\" \/>\n<input type=\"hidden\" name=\"item_meta[0]\" value=\"\" \/>\n<input type=\"hidden\" id=\"frm_submit_entry_11\" name=\"frm_submit_entry_11\" value=\"2b83618f0b\" \/><input type=\"hidden\" name=\"_wp_http_referer\" value=\"\/fr\/wp-json\/wp\/v2\/pages\/2414\" \/><div id=\"frm_field_108_container\" class=\"frm_form_field form-field  frm_top_container horizontal_radio frm_other_container\">\r\n\t<div  id=\"field_vg49n2_label\" class=\"frm_primary_label\">Titre de civilit\u00e9\r\n\t\t<span class=\"frm_required\" aria-hidden=\"true\"><\/span>\r\n\t<\/div>\r\n\t<div class=\"frm_opt_container\" aria-labelledby=\"field_vg49n2_label\" role=\"radiogroup\">\t\t<div class=\"frm_radio\" id=\"frm_radio_108-0\">\t\t\t<label  for=\"field_vg49n2-0\">\n\t\t\t\t\t<input type=\"radio\" name=\"item_meta[108]\" id=\"field_vg49n2-0\" value=\"Madame\"\n\t\t   data-invmsg=\"Titre de civilit\u00e9 est non valide\" aria-invalid=\"false\"  \/> Madame<\/label><\/div>\n\t\t<div class=\"frm_radio\" id=\"frm_radio_108-1\">\t\t\t<label  for=\"field_vg49n2-1\">\n\t\t\t\t\t<input type=\"radio\" name=\"item_meta[108]\" id=\"field_vg49n2-1\" value=\"Monsieur\"\n\t\t   data-invmsg=\"Titre de civilit\u00e9 est non valide\" aria-invalid=\"false\"  \/> Monsieur<\/label><\/div>\n\t\t<div class=\"frm_radio\" id=\"frm_radio_108-other_3\">\t\t\t<label  for=\"field_vg49n2-other_3\">\n\t\t\t\t\t<input type=\"radio\" name=\"item_meta[108]\" id=\"field_vg49n2-other_3\" value=\"Firme \/ Soci\u00e9t\u00e9\"\n\t\t   data-invmsg=\"Titre de civilit\u00e9 est non valide\" aria-invalid=\"false\"  \/> Firme \/ Soci\u00e9t\u00e9<\/label><label for=\"field_vg49n2-other_3-otext\" class=\"frm_screen_reader frm_hidden\">Firme \/ Soci\u00e9t\u00e9<\/label><input type=\"text\" id=\"field_vg49n2-other_3-otext\" class=\"frm_other_input frm_pos_none\"  name=\"item_meta[other][108]\" value=\"\" \/><\/div>\n<\/div>\r\n\t\r\n\t\r\n<\/div>\n<div id=\"frm_field_109_container\" class=\"frm_form_field form-field  frm_top_container frm6 frm_first\">\r\n\t<label for=\"field_w7p602\" id=\"field_w7p602_label\" class=\"frm_primary_label\">Pr\u00e9nom\r\n\t\t<span class=\"frm_required\" aria-hidden=\"true\"><\/span>\r\n\t<\/label>\r\n\t<input  type=\"text\" id=\"field_w7p602\" name=\"item_meta[109]\" value=\"\"  style=\"width:50% !important\" data-invmsg=\"Pr\u00e9nom ist ung\u00fcltig\" class=\"auto_width\" aria-invalid=\"false\"   \/>\r\n\t\r\n\t\r\n<\/div>\n<div id=\"frm_field_110_container\" class=\"frm_form_field form-field  frm_top_container frm6\">\r\n\t<label for=\"field_vrgom2\" id=\"field_vrgom2_label\" class=\"frm_primary_label\">Nom\r\n\t\t<span class=\"frm_required\" aria-hidden=\"true\"><\/span>\r\n\t<\/label>\r\n\t<input  type=\"text\" id=\"field_vrgom2\" name=\"item_meta[110]\" value=\"\"  style=\"width:50% !important\" data-invmsg=\"Nom ist ung\u00fcltig\" class=\"auto_width\" aria-invalid=\"false\"   \/>\r\n\t\r\n\t\r\n<\/div>\n<div id=\"frm_field_111_container\" class=\"frm_form_field form-field  frm_top_container frm6 frm_first\">\r\n\t<label for=\"field_2bbx32\" id=\"field_2bbx32_label\" class=\"frm_primary_label\">Adresse\r\n\t\t<span class=\"frm_required\" aria-hidden=\"true\"><\/span>\r\n\t<\/label>\r\n\t<input  type=\"text\" id=\"field_2bbx32\" name=\"item_meta[111]\" value=\"\"  style=\"width:50% !important\" data-invmsg=\"Adresse ist ung\u00fcltig\" class=\"auto_width\" aria-invalid=\"false\"   \/>\r\n\t\r\n\t\r\n<\/div>\n<div id=\"frm_field_112_container\" class=\"frm_form_field form-field  frm_top_container frm6\">\r\n\t<label for=\"field_mr7dv2\" id=\"field_mr7dv2_label\" class=\"frm_primary_label\">Num\u00e9ro de maison\r\n\t\t<span class=\"frm_required\" aria-hidden=\"true\"><\/span>\r\n\t<\/label>\r\n\t<input  type=\"text\" id=\"field_mr7dv2\" name=\"item_meta[112]\" value=\"\"  style=\"width:20% !important\" data-invmsg=\"Num\u00e9ro de maison ist ung\u00fcltig\" class=\"auto_width\" aria-invalid=\"false\"   \/>\r\n\t\r\n\t\r\n<\/div>\n<div id=\"frm_field_113_container\" class=\"frm_form_field form-field  frm_top_container frm_other_container\">\r\n\t<label for=\"field_zetn82\" id=\"field_zetn82_label\" class=\"frm_primary_label\">Pays\r\n\t\t<span class=\"frm_required\" aria-hidden=\"true\"><\/span>\r\n\t<\/label>\r\n\t\t\t<select name=\"item_meta[113]\" id=\"field_zetn82\"  data-placeholder=\"veuillez s\u00e9lectionner le pays\"  placeholder=\"veuillez s\u00e9lectionner le pays\" data-invmsg=\"Pays est non valide\" aria-invalid=\"false\"  >\n\t\t<option  class=\"frm-select-placeholder\" value=\"\" data-placeholder=\"true\">veuillez s\u00e9lectionner le pays<\/option><option  value=\"Luxemburg\">Luxemburg<\/option><option  value=\"Deutschland\">Deutschland<\/option><option  value=\"Belgien\">Belgien<\/option><option  value=\"Frankreich\">Frankreich<\/option><option  value=\"Anderes Land (bitte eintippen)\" class=\"frm_other_trigger\">Anderes Land (bitte eintippen)<\/option>\t<\/select>\n\t<label for=\"field_zetn82-otext\" class=\"frm_screen_reader frm_hidden\">Pays<\/label><input type=\"text\" id=\"field_zetn82-otext\" class=\"frm_other_input frm_pos_none\"  name=\"item_meta[other][113]\" value=\"\" \/>\r\n\t\r\n\t\r\n<\/div>\n<div id=\"frm_field_114_container\" class=\"frm_form_field form-field  frm_top_container frm6 frm_first\">\r\n\t<label for=\"field_b0f0p2\" id=\"field_b0f0p2_label\" class=\"frm_primary_label\">Code postal\r\n\t\t<span class=\"frm_required\" aria-hidden=\"true\"><\/span>\r\n\t<\/label>\r\n\t<input type=\"number\" id=\"field_b0f0p2\" name=\"item_meta[114]\" value=\"\" style=\"width:50% !important\" data-invmsg=\"Code postal ist ung\u00fcltig\" class=\"auto_width\" aria-invalid=\"false\"   min=\"0\" max=\"9999999\" step=\"any\" \/>\r\n\t\r\n\t\r\n<\/div>\n<div id=\"frm_field_115_container\" class=\"frm_form_field form-field  frm_top_container frm6\">\r\n\t<label for=\"field_iiy1m2\" id=\"field_iiy1m2_label\" class=\"frm_primary_label\">Lieu\r\n\t\t<span class=\"frm_required\" aria-hidden=\"true\"><\/span>\r\n\t<\/label>\r\n\t<input  type=\"text\" id=\"field_iiy1m2\" name=\"item_meta[115]\" value=\"\"  style=\"width:50% !important\" data-invmsg=\"Lieu ist ung\u00fcltig\" class=\"auto_width\" aria-invalid=\"false\"   \/>\r\n\t\r\n\t\r\n<\/div>\n<div id=\"frm_field_116_container\" class=\"frm_form_field form-field  frm_top_container frm6 frm_first\">\r\n\t<label for=\"field_lt1yv2\" id=\"field_lt1yv2_label\" class=\"frm_primary_label\">T\u00e9l\u00e9phone\r\n\t\t<span class=\"frm_required\" aria-hidden=\"true\"><\/span>\r\n\t<\/label>\r\n\t<input type=\"tel\" id=\"field_lt1yv2\" name=\"item_meta[116]\" value=\"\"  style=\"width:50% !important\" data-invmsg=\"T\u00e9l\u00e9phone ist ung\u00fcltig\" class=\"auto_width frm-intl-tel-input\" aria-invalid=\"false\" pattern=\"\\+?\\d{1,4}[\\s\\-]?(?:\\(\\d{1,3}\\)[\\s\\-]?)?\\d{1,4}[\\s\\-]?\\d{1,4}[\\s\\-]?\\d{1,4}$\"  \/>\r\n\t\r\n\t\r\n<\/div>\n<div id=\"frm_field_117_container\" class=\"frm_form_field form-field  frm_top_container frm6\">\r\n\t<label for=\"field_zyle12\" id=\"field_zyle12_label\" class=\"frm_primary_label\">E-Mail\r\n\t\t<span class=\"frm_required\" aria-hidden=\"true\"><\/span>\r\n\t<\/label>\r\n\t<input type=\"email\" id=\"field_zyle12\" name=\"item_meta[117]\" value=\"\"  autocomplete=\"email\"  style=\"width:50% !important\" data-invmsg=\"E-Mail ist ung\u00fcltig\" class=\"auto_width\" aria-invalid=\"false\"  \/>\r\n\t\r\n\t\r\n<\/div>\n<div id=\"frm_field_118_container\" class=\"frm_form_field form-field  frm_top_container vertical_radio\">\r\n\t<div  id=\"field_iebjg2_label\" class=\"frm_primary_label\">Cotisation annuelle 2024\/2025\r\n\t\t<span class=\"frm_required\" aria-hidden=\"true\"><\/span>\r\n\t<\/div>\r\n\t<div class=\"frm_opt_container\" aria-labelledby=\"field_iebjg2_label\" role=\"radiogroup\">\t\t<div class=\"frm_radio\" id=\"frm_radio_118-0\">\t\t\t<label  for=\"field_iebjg2-0\">\n\t\t\t\t\t<input type=\"radio\" name=\"item_meta[118]\" id=\"field_iebjg2-0\" value=\"50,00 \u20ac  Particuliers\"\n\t\t   data-invmsg=\"Cotisation annuelle 2024\/2025 est non valide\" aria-invalid=\"false\"  \/> 50,00 \u20ac  Particuliers<\/label><\/div>\n\t\t<div class=\"frm_radio\" id=\"frm_radio_118-1\">\t\t\t<label  for=\"field_iebjg2-1\">\n\t\t\t\t\t<input type=\"radio\" name=\"item_meta[118]\" id=\"field_iebjg2-1\" value=\"100,00 \u20ac  Institutions\"\n\t\t   data-invmsg=\"Cotisation annuelle 2024\/2025 est non valide\" aria-invalid=\"false\"  \/> 100,00 \u20ac  Institutions<\/label><\/div>\n\t\t<div class=\"frm_radio\" id=\"frm_radio_118-2\">\t\t\t<label  for=\"field_iebjg2-2\">\n\t\t\t\t\t<input type=\"radio\" name=\"item_meta[118]\" id=\"field_iebjg2-2\" value=\"100,00 \u20ac  Entreprises\"\n\t\t   data-invmsg=\"Cotisation annuelle 2024\/2025 est non valide\" aria-invalid=\"false\"  \/> 100,00 \u20ac  Entreprises<\/label><\/div>\n<\/div>\r\n\t\r\n\t\r\n<\/div>\n<div id=\"frm_field_119_container\" class=\"frm_form_field form-field  frm_top_container vertical_radio\">\r\n\t<div  id=\"field_h6su42_label\" class=\"frm_primary_label\">Protection des donn\u00e9es\r\n\t\t<span class=\"frm_required\" aria-hidden=\"true\"><\/span>\r\n\t<\/div>\r\n\t<div class=\"frm_opt_container\" aria-labelledby=\"field_h6su42_label\" role=\"group\">\t\t<div class=\"frm_checkbox\" id=\"frm_checkbox_119-0\">\t\t\t<label  for=\"field_h6su42-0\">\n\t\t\t<input type=\"checkbox\" name=\"item_meta[119][]\" id=\"field_h6su42-0\" value=\"J&#039;accepte que mes donn\u00e9es soient utilis\u00e9es pour la gestion interne de mon adh\u00e9sion \u00e0 l&#039;association\"  data-invmsg=\"Protection des donn\u00e9es est non valide\" aria-invalid=\"false\"   \/> J'accepte que mes donn\u00e9es soient utilis\u00e9es pour la gestion interne de mon adh\u00e9sion \u00e0 l'association<\/label><\/div>\n\t\t<div class=\"frm_checkbox\" id=\"frm_checkbox_119-1\">\t\t\t<label  for=\"field_h6su42-1\">\n\t\t\t<input type=\"checkbox\" name=\"item_meta[119][]\" id=\"field_h6su42-1\" value=\"Je donne mon accord pour l&#039;envoi des nouvelles de l&#039;association par courrier postal ou \u00e9lectronique.\"  data-invmsg=\"Protection des donn\u00e9es est non valide\" aria-invalid=\"false\"   \/> Je donne mon accord pour l'envoi des nouvelles de l'association par courrier postal ou \u00e9lectronique.<\/label><\/div>\n\t\t<div class=\"frm_checkbox\" id=\"frm_checkbox_119-2\">\t\t\t<label  for=\"field_h6su42-2\">\n\t\t\t<input type=\"checkbox\" name=\"item_meta[119][]\" id=\"field_h6su42-2\" value=\"J&#039;autorise la publication (magazine, site internet....) de photos prises lors de manifestations ou de voyages.\"  data-invmsg=\"Protection des donn\u00e9es est non valide\" aria-invalid=\"false\"   \/> J'autorise la publication (magazine, site internet....) de photos prises lors de manifestations ou de voyages.<\/label><\/div>\n<\/div>\r\n\t\r\n\t\r\n<\/div>\n<div id=\"frm_field_120_container\" class=\"frm_form_field form-field  frm_top_container\">\r\n\t<label for=\"field_m70fe2\" id=\"field_m70fe2_label\" class=\"frm_primary_label\">Lieu et date\r\n\t\t<span class=\"frm_required\" aria-hidden=\"true\"><\/span>\r\n\t<\/label>\r\n\t<input  type=\"text\" id=\"field_m70fe2\" name=\"item_meta[120]\" value=\"\"  data-invmsg=\"Lieu et date ist ung\u00fcltig\" aria-invalid=\"false\"   \/>\r\n\t\r\n\t\r\n<\/div>\n<div id=\"frm_field_121_container\" class=\"frm_form_field form-field  frm_required_field frm_top_container\">\r\n\t<label for=\"field_m3l6f2\" id=\"field_m3l6f2_label\" class=\"frm_primary_label\">Signature\r\n\t\t<span class=\"frm_required\" aria-hidden=\"true\">*<\/span>\r\n\t<\/label>\r\n\t<div class=\"sigPad\" id='sigPad121' style=\"max-width:400px;\">\n\t<div class=\"sig sigWrapper\" style=\"height:150px;border-color:#cccccc;--bg-color:rgba(0,247,239,0.3);--active:rgba(0,169,181,1);--inactive:#eaeaea;--active-text:#ffffff;--inactive-text:#3f4b5b;--button-margin:22px;--button-size:20px;--button-padding:10px;--button-side-margin:22px;--icon:20px\">\n\n\t\t<ul class=\"sigNav\">\n\t\t\t\t<li class=\"drawIt\">\n\t\t\t\t\t<a href=\"#\" class=\"frm-active-sig-type\" title=\"Zeichnen\" aria-label=\"Zeichnen\">\n\t\t\t\t\t\t<svg  viewBox=\"0 0 22 20\" class=\"frmsvg\">\n\t<title>signature<\/title>\n\t<path d=\"M19.7 2.2A3.5 3.5 0 0 0 14 1.1L1.7 13.4a1 1 0 0 0-.3.4l-1.3 5a.9.9 0 0 0 0 .5 1 1 0 0 0 1 .6l5-1.3c.2 0 .4-.1.5-.3L18.9 6a3.5 3.5 0 0 0 .7-3.8zm-6.8 2.6L15.2 7l-8.6 8.7-2.4-2.4zm-10.7 13l1-3.3L5.4 17zM18 4.2l-.4.5L16.3 6 14 3.7l1.3-1.3A1.7 1.7 0 0 1 18 3.6l-.1.6zM9 17.9h11v1H9v-1z\"><\/path>\n\n<\/svg>\t\t\t\t\t<\/a>\n\t\t\t\t<\/li>\n\t\t\t\t<li class=\"typeIt\">\n\t\t\t\t\t<a href=\"#\" class=\"\" title=\"Tippen\" aria-label=\"Tippen\">\n\t\t\t\t\t\t<svg  viewBox=\"0 0 22 20\" class=\"frmsvg\">\n\t<title>keyboard<\/title>\n\t<path d=\"M20.6 2.5H2c-1 0-1.9.8-1.9 1.9v11.2c0 1 .8 1.9 1.9 1.9h18.7c1 0 1.9-.8 1.9-1.9V4.4c0-1-.8-1.9-1.9-1.9zm.3 13.1c0 .2-.1.3-.3.3H2a.3.3 0 0 1-.3-.3V4.4c0-.2.1-.3.3-.3h18.7c.2 0 .3.1.3.3v11.2zm-14.3-5V9.4c0-.3-.2-.5-.4-.5H5c-.3 0-.5.2-.5.5v1c0 .3.2.5.5.5h1c.3 0 .5-.2.5-.5zm3.8 0V9.4c0-.3-.2-.5-.5-.5H9c-.3 0-.5.2-.5.5v1c0 .3.2.5.4.5H10c.3 0 .5-.2.5-.5zm3.7 0V9.4c0-.3-.2-.5-.4-.5h-1.1c-.3 0-.5.2-.5.5v1c0 .3.2.5.5.5h1c.3 0 .5-.2.5-.5zm3.8 0V9.4c0-.3-.2-.5-.5-.5h-1c-.3 0-.5.2-.5.5v1c0 .3.2.5.4.5h1.1c.3 0 .5-.2.5-.5zM4.8 7.2v-1c0-.3-.2-.5-.5-.5H3.2c-.3 0-.5.2-.5.4v1.1c0 .3.2.5.5.5h1.1c.3 0 .5-.2.5-.5zm3.7 0v-1c0-.3-.2-.5-.5-.5H7c-.3 0-.5.2-.5.4v1.1c0 .3.2.5.5.5h1c.3 0 .5-.2.5-.5zm3.8 0v-1c0-.3-.2-.5-.5-.5h-1.1c-.3 0-.5.2-.5.4v1.1c0 .3.2.5.5.5h1.1c.3 0 .5-.2.5-.5zm3.7 0v-1c0-.3-.2-.5-.5-.5h-1c-.3 0-.5.2-.5.4v1.1c0 .3.2.5.5.5h1c.3 0 .5-.2.5-.5zm3.8 0v-1c0-.3-.2-.5-.5-.5h-1.1c-.3 0-.5.2-.5.4v1.1c0 .3.2.5.5.5h1.1c.3 0 .5-.2.5-.5zm-2 6.2V13c0-.3-.2-.5-.6-.5h-12c-.3 0-.6.2-.6.5v.6c0 .3.3.5.7.5h12c.3 0 .6-.2.6-.5z\"><\/path>\n<\/svg>\t\t\t\t\t<\/a>\n\t\t\t\t<\/li>\n\t\t<\/ul>\n\n\t\t<span class=\"frm-typed-drawline\"><\/span>\n\n\t\t<div class=\"typed\">\n\t\t\t<input type=\"text\" name=\"item_meta[121][typed]\" class=\"name\" id=\"field_m3l6f2\" autocomplete=\"off\" value=\"\"  style=\"width:400px !important\" maxlength=\"150\" data-reqmsg=\"Signature kann nicht leer sein.\" aria-required=\"true\" class=\"auto_width\" aria-invalid=\"false\"   \/>\n\t\t<\/div>\n\n\t\t<canvas class=\"pad\" data-fieldid=\"121\" data-fieldname=\"item_meta[121]\" width=\"396\" height=\"150\"><\/canvas>\n\t\t<div class=\"clearButton\"><a href=\"#clear\">Leeren<\/a><\/div>\n\n\t\t<input type=\"hidden\" name=\"item_meta[121][output]\" class=\"output\" value=\"\" \/>\n\t<\/div>\n<\/div>\n\r\n\t\r\n\t\r\n<\/div>\n<div id=\"frm_field_122_container\" class=\"frm_form_field form-field \">\r\n\t<div class=\"frm_submit frm_flex\">\r\n<button class=\"frm_button_submit frm_final_submit\" type=\"submit\"   formnovalidate=\"formnovalidate\">Envoyer<\/button>\r\n\r\n\r\n\r\n<\/div>\r\n<\/div>\n\t<input type=\"hidden\" name=\"item_key\" value=\"\" \/>\n\t\t\t<div id=\"frm_field_1028_container\">\n\t\t\t<label for=\"field_hdydl\" >\n\t\t\t\tSi vous \u00eates un humain, ne remplissez pas ce champ.\t\t\t<\/label>\n\t\t\t<input  id=\"field_hdydl\" type=\"text\" class=\"frm_form_field form-field frm_verify\" name=\"item_meta[1028]\" value=\"\"  \/>\n\t\t<\/div>\n\t\t<input name=\"frm_state\" type=\"hidden\" value=\"ozqaQFvoKDk3eEsS3rcBM5bq\/FwqadFe2JS15AJZ6EHY8dPyizKn\/Qfo1G398EVP\" \/><\/div>\n<\/fieldset>\n<\/div>\n\n<\/form>\n<\/div>\n<script>\nvar frmSigs=[{\"bgColour\":\"rgba(0,0,0,0)\",\"id\":\"121\",\"width\":\"400\",\"height\":\"150\",\"line_top\":105.5,\"line_margin\":20,\"line_color\":\"#cccccc\",\"line_width\":1,\"default_tab\":\"drawIt\",\"bg_color\":\"rgba(0,247,239,0.3)\",\"text_color\":\"rgba(0,0,0,1)\",\"border_color\":\"#cccccc\"}];\nif(typeof __FRMSIG === 'undefined'){__FRMSIG=frmSigs;}else{__FRMSIG=jQuery.extend(__FRMSIG,frmSigs);}\n<\/script>\n<\/div>\n\t\t\t\t\t\t<\/div>\n\t\t\t\t<\/div>\n\t\t\t\t\t<\/div>\n\t\t\t\t<\/div>\n\t\t\t\t<\/div>\n\t\t","protected":false},"excerpt":{"rendered":"<p>Demande d&rsquo;adh\u00e9sion Par la pr\u00e9sente, je demande l&rsquo;adh\u00e9sion au Conseil Consultatif des Seniors de la Grande R\u00e9gion<\/p>\n","protected":false},"author":1,"featured_media":0,"parent":0,"menu_order":0,"comment_status":"closed","ping_status":"closed","template":"","meta":{"_acf_changed":false,"site-sidebar-layout":"no-sidebar","site-content-layout":"","ast-site-content-layout":"full-width-container","site-content-style":"default","site-sidebar-style":"default","ast-global-header-display":"","ast-banner-title-visibility":"","ast-main-header-display":"","ast-hfb-above-header-display":"","ast-hfb-below-header-display":"","ast-hfb-mobile-header-display":"","site-post-title":"disabled","ast-breadcrumbs-content":"","ast-featured-img":"disabled","footer-sml-layout":"","theme-transparent-header-meta":"","adv-header-id-meta":"","stick-header-meta":"","header-above-stick-meta":"","header-main-stick-meta":"","header-below-stick-meta":"","astra-migrate-meta-layouts":"default","ast-page-background-enabled":"default","ast-page-background-meta":{"desktop":{"background-color":"var(--ast-global-color-4)","background-image":"","background-repeat":"repeat","background-position":"center center","background-size":"auto","background-attachment":"scroll","background-type":"","background-media":"","overlay-type":"","overlay-color":"","overlay-opacity":"","overlay-gradient":""},"tablet":{"background-color":"","background-image":"","background-repeat":"repeat","background-position":"center center","background-size":"auto","background-attachment":"scroll","background-type":"","background-media":"","overlay-type":"","overlay-color":"","overlay-opacity":"","overlay-gradient":""},"mobile":{"background-color":"","background-image":"","background-repeat":"repeat","background-position":"center center","background-size":"auto","background-attachment":"scroll","background-type":"","background-media":"","overlay-type":"","overlay-color":"","overlay-opacity":"","overlay-gradient":""}},"ast-content-background-meta":{"desktop":{"background-color":"var(--ast-global-color-5)","background-image":"","background-repeat":"repeat","background-position":"center center","background-size":"auto","background-attachment":"scroll","background-type":"","background-media":"","overlay-type":"","overlay-color":"","overlay-opacity":"","overlay-gradient":""},"tablet":{"background-color":"var(--ast-global-color-5)","background-image":"","background-repeat":"repeat","background-position":"center center","background-size":"auto","background-attachment":"scroll","background-type":"","background-media":"","overlay-type":"","overlay-color":"","overlay-opacity":"","overlay-gradient":""},"mobile":{"background-color":"var(--ast-global-color-5)","background-image":"","background-repeat":"repeat","background-position":"center center","background-size":"auto","background-attachment":"scroll","background-type":"","background-media":"","overlay-type":"","overlay-color":"","overlay-opacity":"","overlay-gradient":""}},"footnotes":""},"class_list":["post-2414","page","type-page","status-publish","hentry"],"acf":[],"_links":{"self":[{"href":"https:\/\/seniorgr.eu\/fr\/wp-json\/wp\/v2\/pages\/2414","targetHints":{"allow":["GET"]}}],"collection":[{"href":"https:\/\/seniorgr.eu\/fr\/wp-json\/wp\/v2\/pages"}],"about":[{"href":"https:\/\/seniorgr.eu\/fr\/wp-json\/wp\/v2\/types\/page"}],"author":[{"embeddable":true,"href":"https:\/\/seniorgr.eu\/fr\/wp-json\/wp\/v2\/users\/1"}],"replies":[{"embeddable":true,"href":"https:\/\/seniorgr.eu\/fr\/wp-json\/wp\/v2\/comments?post=2414"}],"version-history":[{"count":3,"href":"https:\/\/seniorgr.eu\/fr\/wp-json\/wp\/v2\/pages\/2414\/revisions"}],"predecessor-version":[{"id":2420,"href":"https:\/\/seniorgr.eu\/fr\/wp-json\/wp\/v2\/pages\/2414\/revisions\/2420"}],"wp:attachment":[{"href":"https:\/\/seniorgr.eu\/fr\/wp-json\/wp\/v2\/media?parent=2414"}],"curies":[{"name":"wp","href":"https:\/\/api.w.org\/{rel}","templated":true}]}}