{"id":1857,"date":"2024-10-18T23:50:34","date_gmt":"2024-10-18T21:50:34","guid":{"rendered":"https:\/\/seniorgr.eu\/blog-2\/"},"modified":"2025-02-05T10:33:00","modified_gmt":"2025-02-05T09:33:00","slug":"blog-2","status":"publish","type":"page","link":"https:\/\/seniorgr.eu\/fr\/blog-2\/","title":{"rendered":"Blog"},"content":{"rendered":"\t\t<div data-elementor-type=\"wp-page\" data-elementor-id=\"1857\" class=\"elementor elementor-1857\" data-elementor-post-type=\"page\">\n\t\t\t\t<div class=\"elementor-element elementor-element-eed0fc0 e-flex e-con-boxed e-con e-parent\" data-id=\"eed0fc0\" data-element_type=\"container\" data-e-type=\"container\">\n\t\t\t\t\t<div class=\"e-con-inner\">\n\t\t\t\t<div class=\"elementor-element elementor-element-a169633 elementor-widget elementor-widget-taxonomy-filter\" data-id=\"a169633\" data-element_type=\"widget\" data-e-type=\"widget\" data-settings=\"{&quot;selected_element&quot;:&quot;7563146&quot;,&quot;taxonomy&quot;:&quot;category&quot;,&quot;multiple_selection&quot;:&quot;no&quot;,&quot;horizontal_scroll&quot;:&quot;disable&quot;}\" data-widget_type=\"taxonomy-filter.default\">\n\t\t\t\t<div class=\"elementor-widget-container\">\n\t\t\t\t\t\t\t<search class=\"e-filter\" role=\"search\" data-base-url=\"https:\/\/seniorgr.eu\/fr\/\" data-page-num=\"1\">\n\t\t\t\t\t\t\t<button class=\"e-filter-item\" data-filter=\"non-classifiee\" aria-pressed=\"false\">Non classifi\u00e9(e)<\/button>\n\t\t\t\t\t\t\t<button class=\"e-filter-item\" data-filter=\"public-fr\" aria-pressed=\"false\">Public<\/button>\n\t\t\t\t\t\t\t<button class=\"e-filter-item\" data-filter=\"securite-a-la-maison\" aria-pressed=\"false\">S\u00e9curit\u00e9 \u00e0 la maison<\/button>\n\t\t\t\t\t\t\t<button class=\"e-filter-item\" data-filter=\"securite-digital\" aria-pressed=\"false\">S\u00e9curit\u00e9 digital<\/button>\n\t\t\t\t\t\t\t<button class=\"e-filter-item\" data-filter=\"securite-personnelle\" aria-pressed=\"false\">S\u00e9curit\u00e9 personnelle<\/button>\n\t\t\t\n\t\t\t\t\t\t\t\t\t<button class=\"e-filter-item\" data-filter=\"__all\" aria-pressed=\"true\">\n\t\t\t\tTous les\t\t\t<\/button>\n\t\t\t\t\t<\/search>\n\t\t\t\t\t\t<\/div>\n\t\t\t\t<\/div>\n\t\t\t\t<div class=\"elementor-element elementor-element-7563146 elementor-grid-3 elementor-grid-tablet-2 elementor-grid-mobile-1 elementor-widget elementor-widget-loop-grid\" data-id=\"7563146\" data-element_type=\"widget\" data-e-type=\"widget\" data-settings=\"{&quot;template_id&quot;:631,&quot;_skin&quot;:&quot;post&quot;,&quot;columns&quot;:&quot;3&quot;,&quot;columns_tablet&quot;:&quot;2&quot;,&quot;columns_mobile&quot;:&quot;1&quot;,&quot;edit_handle_selector&quot;:&quot;[data-elementor-type=\\&quot;loop-item\\&quot;]&quot;,&quot;row_gap&quot;:{&quot;unit&quot;:&quot;px&quot;,&quot;size&quot;:&quot;&quot;,&quot;sizes&quot;:[]},&quot;row_gap_tablet&quot;:{&quot;unit&quot;:&quot;px&quot;,&quot;size&quot;:&quot;&quot;,&quot;sizes&quot;:[]},&quot;row_gap_mobile&quot;:{&quot;unit&quot;:&quot;px&quot;,&quot;size&quot;:&quot;&quot;,&quot;sizes&quot;:[]}}\" data-widget_type=\"loop-grid.post\">\n\t\t\t\t<div class=\"elementor-widget-container\">\n\t\t\t\t\t\t\t<div class=\"elementor-loop-container elementor-grid\" role=\"list\">\n\t\t<style id=\"loop-631\">.elementor-631 .elementor-element.elementor-element-42d6bb8{--display:flex;--flex-direction:column;--container-widget-width:100%;--container-widget-height:initial;--container-widget-flex-grow:0;--container-widget-align-self:initial;--flex-wrap-mobile:wrap;}.elementor-widget-theme-post-featured-image .widget-image-caption{color:var( --e-global-color-text );font-family:var( --e-global-typography-text-font-family ), Sans-serif;font-weight:var( --e-global-typography-text-font-weight );line-height:var( --e-global-typography-text-line-height );}.elementor-widget-theme-post-title .elementor-heading-title{font-family:var( --e-global-typography-primary-font-family ), Sans-serif;font-weight:var( --e-global-typography-primary-font-weight );color:var( --e-global-color-primary );}.elementor-widget-theme-post-excerpt .elementor-widget-container{font-family:var( --e-global-typography-text-font-family ), Sans-serif;font-weight:var( --e-global-typography-text-font-weight );line-height:var( --e-global-typography-text-line-height );color:var( --e-global-color-text );}.elementor-widget-button .elementor-button{font-family:var( --e-global-typography-accent-font-family ), Sans-serif;font-weight:var( --e-global-typography-accent-font-weight );background-color:var( --e-global-color-accent );}@media(max-width:1024px){.elementor-widget-theme-post-featured-image .widget-image-caption{line-height:var( --e-global-typography-text-line-height );}.elementor-widget-theme-post-excerpt .elementor-widget-container{line-height:var( --e-global-typography-text-line-height );}}@media(max-width:767px){.elementor-widget-theme-post-featured-image .widget-image-caption{line-height:var( --e-global-typography-text-line-height );}.elementor-widget-theme-post-excerpt .elementor-widget-container{line-height:var( --e-global-typography-text-line-height );}}<\/style>\t\t<div data-elementor-type=\"loop-item\" data-elementor-id=\"631\" class=\"elementor elementor-631 e-loop-item e-loop-item-4289 post-4289 post type-post status-publish format-standard hentry category-public-fr\" data-elementor-post-type=\"elementor_library\" data-custom-edit-handle=\"1\">\n\t\t\t<div class=\"elementor-element elementor-element-42d6bb8 e-flex e-con-boxed e-con e-parent\" data-id=\"42d6bb8\" data-element_type=\"container\" data-e-type=\"container\">\n\t\t\t\t\t<div class=\"e-con-inner\">\n\t\t\t\t<div class=\"elementor-element elementor-element-2d50ccb elementor-widget elementor-widget-theme-post-title elementor-page-title elementor-widget-heading\" data-id=\"2d50ccb\" data-element_type=\"widget\" data-e-type=\"widget\" data-widget_type=\"theme-post-title.default\">\n\t\t\t\t<div class=\"elementor-widget-container\">\n\t\t\t\t\t<h4 class=\"elementor-heading-title elementor-size-default\">Clip CSGR en 4 langues<\/h4>\t\t\t\t<\/div>\n\t\t\t\t<\/div>\n\t\t\t\t<div class=\"elementor-element elementor-element-d04c6e6 elementor-widget elementor-widget-button\" data-id=\"d04c6e6\" data-element_type=\"widget\" data-e-type=\"widget\" data-widget_type=\"button.default\">\n\t\t\t\t<div class=\"elementor-widget-container\">\n\t\t\t\t\t\t\t\t\t<div class=\"elementor-button-wrapper\">\n\t\t\t\t\t<a class=\"elementor-button elementor-button-link elementor-size-sm\" href=\"https:\/\/seniorgr.eu\/fr\/clip-csgr-en-4-langues\/\">\n\t\t\t\t\t\t<span class=\"elementor-button-content-wrapper\">\n\t\t\t\t\t\t\t\t\t<span class=\"elementor-button-text\">weiterlesen<\/span>\n\t\t\t\t\t<\/span>\n\t\t\t\t\t<\/a>\n\t\t\t\t<\/div>\n\t\t\t\t\t\t\t\t<\/div>\n\t\t\t\t<\/div>\n\t\t\t\t\t<\/div>\n\t\t\t\t<\/div>\n\t\t\t\t<\/div>\n\t\t\t\t<div data-elementor-type=\"loop-item\" data-elementor-id=\"631\" class=\"elementor elementor-631 e-loop-item e-loop-item-1156 post-1156 post type-post status-publish format-standard has-post-thumbnail hentry category-public-fr\" data-elementor-post-type=\"elementor_library\" data-custom-edit-handle=\"1\">\n\t\t\t<div class=\"elementor-element elementor-element-42d6bb8 e-flex e-con-boxed e-con e-parent\" data-id=\"42d6bb8\" data-element_type=\"container\" data-e-type=\"container\">\n\t\t\t\t\t<div class=\"e-con-inner\">\n\t\t\t\t<div class=\"elementor-element elementor-element-4183571 elementor-widget elementor-widget-theme-post-featured-image elementor-widget-image\" data-id=\"4183571\" data-element_type=\"widget\" data-e-type=\"widget\" data-widget_type=\"theme-post-featured-image.default\">\n\t\t\t\t<div class=\"elementor-widget-container\">\n\t\t\t\t\t\t\t\t\t\t\t\t\t\t\t<img fetchpriority=\"high\" decoding=\"async\" width=\"1024\" height=\"681\" src=\"https:\/\/seniorgr.eu\/wp-content\/uploads\/2024\/10\/close-up-of-a-senior-developer-s-hands-typing-and-programming-on-a-laptop--1024x681.jpg\" class=\"attachment-large size-large wp-image-1116\" alt=\"\" srcset=\"https:\/\/seniorgr.eu\/wp-content\/uploads\/2024\/10\/close-up-of-a-senior-developer-s-hands-typing-and-programming-on-a-laptop--1024x681.jpg 1024w, https:\/\/seniorgr.eu\/wp-content\/uploads\/2024\/10\/close-up-of-a-senior-developer-s-hands-typing-and-programming-on-a-laptop--300x200.jpg 300w, https:\/\/seniorgr.eu\/wp-content\/uploads\/2024\/10\/close-up-of-a-senior-developer-s-hands-typing-and-programming-on-a-laptop--768x511.jpg 768w, https:\/\/seniorgr.eu\/wp-content\/uploads\/2024\/10\/close-up-of-a-senior-developer-s-hands-typing-and-programming-on-a-laptop--1536x1022.jpg 1536w, https:\/\/seniorgr.eu\/wp-content\/uploads\/2024\/10\/close-up-of-a-senior-developer-s-hands-typing-and-programming-on-a-laptop-.jpg 2000w\" sizes=\"(max-width: 1024px) 100vw, 1024px\" \/>\t\t\t\t\t\t\t\t\t\t\t\t\t\t\t<\/div>\n\t\t\t\t<\/div>\n\t\t\t\t<div class=\"elementor-element elementor-element-2d50ccb elementor-widget elementor-widget-theme-post-title elementor-page-title elementor-widget-heading\" data-id=\"2d50ccb\" data-element_type=\"widget\" data-e-type=\"widget\" data-widget_type=\"theme-post-title.default\">\n\t\t\t\t<div class=\"elementor-widget-container\">\n\t\t\t\t\t<h4 class=\"elementor-heading-title elementor-size-default\">Email avec lien<\/h4>\t\t\t\t<\/div>\n\t\t\t\t<\/div>\n\t\t\t\t<div class=\"elementor-element elementor-element-41ab1dd elementor-widget elementor-widget-theme-post-excerpt\" data-id=\"41ab1dd\" data-element_type=\"widget\" data-e-type=\"widget\" data-widget_type=\"theme-post-excerpt.default\">\n\t\t\t\t<div class=\"elementor-widget-container\">\n\t\t\t\t\tIl est important d'\u00eatre prudent lorsque vous recevez des e-mails contenant des liens, en particulier si vous ne connaissez pas l'exp\u00e9diteur ou si l'e-mail semble suspect. Voici des \u00e9tapes qui peuvent vous aider \u00e0 d\u00e9terminer si un lien dans un e-mail est un faux :\t\t\t\t<\/div>\n\t\t\t\t<\/div>\n\t\t\t\t<div class=\"elementor-element elementor-element-d04c6e6 elementor-widget elementor-widget-button\" data-id=\"d04c6e6\" data-element_type=\"widget\" data-e-type=\"widget\" data-widget_type=\"button.default\">\n\t\t\t\t<div class=\"elementor-widget-container\">\n\t\t\t\t\t\t\t\t\t<div class=\"elementor-button-wrapper\">\n\t\t\t\t\t<a class=\"elementor-button elementor-button-link elementor-size-sm\" href=\"https:\/\/seniorgr.eu\/fr\/email-avec-lien\/\">\n\t\t\t\t\t\t<span class=\"elementor-button-content-wrapper\">\n\t\t\t\t\t\t\t\t\t<span class=\"elementor-button-text\">weiterlesen<\/span>\n\t\t\t\t\t<\/span>\n\t\t\t\t\t<\/a>\n\t\t\t\t<\/div>\n\t\t\t\t\t\t\t\t<\/div>\n\t\t\t\t<\/div>\n\t\t\t\t\t<\/div>\n\t\t\t\t<\/div>\n\t\t\t\t<\/div>\n\t\t\t\t<div data-elementor-type=\"loop-item\" data-elementor-id=\"631\" class=\"elementor elementor-631 e-loop-item e-loop-item-1132 post-1132 post type-post status-publish format-standard has-post-thumbnail hentry category-public-fr\" data-elementor-post-type=\"elementor_library\" data-custom-edit-handle=\"1\">\n\t\t\t<div class=\"elementor-element elementor-element-42d6bb8 e-flex e-con-boxed e-con e-parent\" data-id=\"42d6bb8\" data-element_type=\"container\" data-e-type=\"container\">\n\t\t\t\t\t<div class=\"e-con-inner\">\n\t\t\t\t<div class=\"elementor-element elementor-element-4183571 elementor-widget elementor-widget-theme-post-featured-image elementor-widget-image\" data-id=\"4183571\" data-element_type=\"widget\" data-e-type=\"widget\" data-widget_type=\"theme-post-featured-image.default\">\n\t\t\t\t<div class=\"elementor-widget-container\">\n\t\t\t\t\t\t\t\t\t\t\t\t\t\t\t<img decoding=\"async\" width=\"1024\" height=\"607\" src=\"https:\/\/seniorgr.eu\/wp-content\/uploads\/2024\/10\/senior-woman-struggling-with-technology-1024x607.jpg\" class=\"attachment-large size-large wp-image-1112\" alt=\"\" srcset=\"https:\/\/seniorgr.eu\/wp-content\/uploads\/2024\/10\/senior-woman-struggling-with-technology-1024x607.jpg 1024w, https:\/\/seniorgr.eu\/wp-content\/uploads\/2024\/10\/senior-woman-struggling-with-technology-300x178.jpg 300w, https:\/\/seniorgr.eu\/wp-content\/uploads\/2024\/10\/senior-woman-struggling-with-technology-768x455.jpg 768w, https:\/\/seniorgr.eu\/wp-content\/uploads\/2024\/10\/senior-woman-struggling-with-technology-1536x910.jpg 1536w, https:\/\/seniorgr.eu\/wp-content\/uploads\/2024\/10\/senior-woman-struggling-with-technology.jpg 2000w\" sizes=\"(max-width: 1024px) 100vw, 1024px\" \/>\t\t\t\t\t\t\t\t\t\t\t\t\t\t\t<\/div>\n\t\t\t\t<\/div>\n\t\t\t\t<div class=\"elementor-element elementor-element-2d50ccb elementor-widget elementor-widget-theme-post-title elementor-page-title elementor-widget-heading\" data-id=\"2d50ccb\" data-element_type=\"widget\" data-e-type=\"widget\" data-widget_type=\"theme-post-title.default\">\n\t\t\t\t<div class=\"elementor-widget-container\">\n\t\t\t\t\t<h4 class=\"elementor-heading-title elementor-size-default\">Comment se prot\u00e9ger des faux e-mails<\/h4>\t\t\t\t<\/div>\n\t\t\t\t<\/div>\n\t\t\t\t<div class=\"elementor-element elementor-element-41ab1dd elementor-widget elementor-widget-theme-post-excerpt\" data-id=\"41ab1dd\" data-element_type=\"widget\" data-e-type=\"widget\" data-widget_type=\"theme-post-excerpt.default\">\n\t\t\t\t<div class=\"elementor-widget-container\">\n\t\t\t\t\tLes faux e-mails, \u00e9galement connus sous le nom d'e-mails d'hame\u00e7onnage ou de spam, sont des messages falsifi\u00e9s visant \u00e0 voler des informations personnelles, \u00e0 diffuser des logiciels malveillants ou \u00e0 causer des dommages financiers. Pour vous prot\u00e9ger efficacement contre ce type d'e-mails, je vous recommande de prendre les mesures suivantes\t\t\t\t<\/div>\n\t\t\t\t<\/div>\n\t\t\t\t<div class=\"elementor-element elementor-element-d04c6e6 elementor-widget elementor-widget-button\" data-id=\"d04c6e6\" data-element_type=\"widget\" data-e-type=\"widget\" data-widget_type=\"button.default\">\n\t\t\t\t<div class=\"elementor-widget-container\">\n\t\t\t\t\t\t\t\t\t<div class=\"elementor-button-wrapper\">\n\t\t\t\t\t<a class=\"elementor-button elementor-button-link elementor-size-sm\" href=\"https:\/\/seniorgr.eu\/fr\/comment-se-proteger-des-faux-e-mails\/\">\n\t\t\t\t\t\t<span class=\"elementor-button-content-wrapper\">\n\t\t\t\t\t\t\t\t\t<span class=\"elementor-button-text\">weiterlesen<\/span>\n\t\t\t\t\t<\/span>\n\t\t\t\t\t<\/a>\n\t\t\t\t<\/div>\n\t\t\t\t\t\t\t\t<\/div>\n\t\t\t\t<\/div>\n\t\t\t\t\t<\/div>\n\t\t\t\t<\/div>\n\t\t\t\t<\/div>\n\t\t\t\t<div data-elementor-type=\"loop-item\" data-elementor-id=\"631\" class=\"elementor elementor-631 e-loop-item e-loop-item-890 post-890 post type-post status-publish format-standard has-post-thumbnail hentry category-public-fr category-securite-a-la-maison category-securite-digital category-securite-personnelle\" data-elementor-post-type=\"elementor_library\" data-custom-edit-handle=\"1\">\n\t\t\t<div class=\"elementor-element elementor-element-42d6bb8 e-flex e-con-boxed e-con e-parent\" data-id=\"42d6bb8\" data-element_type=\"container\" data-e-type=\"container\">\n\t\t\t\t\t<div class=\"e-con-inner\">\n\t\t\t\t<div class=\"elementor-element elementor-element-4183571 elementor-widget elementor-widget-theme-post-featured-image elementor-widget-image\" data-id=\"4183571\" data-element_type=\"widget\" data-e-type=\"widget\" data-widget_type=\"theme-post-featured-image.default\">\n\t\t\t\t<div class=\"elementor-widget-container\">\n\t\t\t\t\t\t\t\t\t\t\t\t\t\t\t<img decoding=\"async\" width=\"1024\" height=\"682\" src=\"https:\/\/seniorgr.eu\/wp-content\/uploads\/2024\/08\/pexels-photo-3768140-3768140-1024x682.jpg\" class=\"attachment-large size-large wp-image-416\" alt=\"\" srcset=\"https:\/\/seniorgr.eu\/wp-content\/uploads\/2024\/08\/pexels-photo-3768140-3768140-1024x682.jpg 1024w, https:\/\/seniorgr.eu\/wp-content\/uploads\/2024\/08\/pexels-photo-3768140-3768140-300x200.jpg 300w, https:\/\/seniorgr.eu\/wp-content\/uploads\/2024\/08\/pexels-photo-3768140-3768140-768x512.jpg 768w, https:\/\/seniorgr.eu\/wp-content\/uploads\/2024\/08\/pexels-photo-3768140-3768140.jpg 1280w\" sizes=\"(max-width: 1024px) 100vw, 1024px\" \/>\t\t\t\t\t\t\t\t\t\t\t\t\t\t\t<\/div>\n\t\t\t\t<\/div>\n\t\t\t\t<div class=\"elementor-element elementor-element-41ab1dd elementor-widget elementor-widget-theme-post-excerpt\" data-id=\"41ab1dd\" data-element_type=\"widget\" data-e-type=\"widget\" data-widget_type=\"theme-post-excerpt.default\">\n\t\t\t\t<div class=\"elementor-widget-container\">\n\t\t\t\t\tIntroduction : pourquoi la s\u00e9curit\u00e9 est-elle importante pour les seniors ? Avec l'\u00e2ge, les besoins et les d\u00e9fis auxquels nous devons faire face au quotidien \u00e9voluent. La s\u00e9curit\u00e9 personnelle est particuli\u00e8rement importante \u00e0 cet \u00e9gard, car les seniors sont souvent consid\u00e9r\u00e9s comme des cibles faciles pour les criminels. Cela vaut aussi bien \u00e0 la maison que dans le monde num\u00e9rique.\t\t\t\t<\/div>\n\t\t\t\t<\/div>\n\t\t\t\t<div class=\"elementor-element elementor-element-d04c6e6 elementor-widget elementor-widget-button\" data-id=\"d04c6e6\" data-element_type=\"widget\" data-e-type=\"widget\" data-widget_type=\"button.default\">\n\t\t\t\t<div class=\"elementor-widget-container\">\n\t\t\t\t\t\t\t\t\t<div class=\"elementor-button-wrapper\">\n\t\t\t\t\t<a class=\"elementor-button elementor-button-link elementor-size-sm\" href=\"https:\/\/seniorgr.eu\/fr\/comment-se-proteger-au-quotidien\/\">\n\t\t\t\t\t\t<span class=\"elementor-button-content-wrapper\">\n\t\t\t\t\t\t\t\t\t<span class=\"elementor-button-text\">weiterlesen<\/span>\n\t\t\t\t\t<\/span>\n\t\t\t\t\t<\/a>\n\t\t\t\t<\/div>\n\t\t\t\t\t\t\t\t<\/div>\n\t\t\t\t<\/div>\n\t\t\t\t\t<\/div>\n\t\t\t\t<\/div>\n\t\t\t\t<\/div>\n\t\t\t\t<div data-elementor-type=\"loop-item\" data-elementor-id=\"631\" class=\"elementor elementor-631 e-loop-item e-loop-item-896 post-896 post type-post status-publish format-standard has-post-thumbnail hentry category-public-fr category-securite-digital category-securite-personnelle\" data-elementor-post-type=\"elementor_library\" data-custom-edit-handle=\"1\">\n\t\t\t<div class=\"elementor-element elementor-element-42d6bb8 e-flex e-con-boxed e-con e-parent\" data-id=\"42d6bb8\" data-element_type=\"container\" data-e-type=\"container\">\n\t\t\t\t\t<div class=\"e-con-inner\">\n\t\t\t\t<div class=\"elementor-element elementor-element-4183571 elementor-widget elementor-widget-theme-post-featured-image elementor-widget-image\" data-id=\"4183571\" data-element_type=\"widget\" data-e-type=\"widget\" data-widget_type=\"theme-post-featured-image.default\">\n\t\t\t\t<div class=\"elementor-widget-container\">\n\t\t\t\t\t\t\t\t\t\t\t\t\t\t\t<img loading=\"lazy\" decoding=\"async\" width=\"683\" height=\"1024\" src=\"https:\/\/seniorgr.eu\/wp-content\/uploads\/2024\/08\/pexels-photo-4482900-4482900-683x1024.jpg\" class=\"attachment-large size-large wp-image-428\" alt=\"\" srcset=\"https:\/\/seniorgr.eu\/wp-content\/uploads\/2024\/08\/pexels-photo-4482900-4482900-683x1024.jpg 683w, https:\/\/seniorgr.eu\/wp-content\/uploads\/2024\/08\/pexels-photo-4482900-4482900-200x300.jpg 200w, https:\/\/seniorgr.eu\/wp-content\/uploads\/2024\/08\/pexels-photo-4482900-4482900.jpg 700w\" sizes=\"(max-width: 683px) 100vw, 683px\" \/>\t\t\t\t\t\t\t\t\t\t\t\t\t\t\t<\/div>\n\t\t\t\t<\/div>\n\t\t\t\t<div class=\"elementor-element elementor-element-41ab1dd elementor-widget elementor-widget-theme-post-excerpt\" data-id=\"41ab1dd\" data-element_type=\"widget\" data-e-type=\"widget\" data-widget_type=\"theme-post-excerpt.default\">\n\t\t\t\t<div class=\"elementor-widget-container\">\n\t\t\t\t\tPour te prot\u00e9ger contre les menaces li\u00e9es aux services bancaires en ligne, tu peux prendre les mesures de s\u00e9curit\u00e9 suivantes :\t\t\t\t<\/div>\n\t\t\t\t<\/div>\n\t\t\t\t<div class=\"elementor-element elementor-element-d04c6e6 elementor-widget elementor-widget-button\" data-id=\"d04c6e6\" data-element_type=\"widget\" data-e-type=\"widget\" data-widget_type=\"button.default\">\n\t\t\t\t<div class=\"elementor-widget-container\">\n\t\t\t\t\t\t\t\t\t<div class=\"elementor-button-wrapper\">\n\t\t\t\t\t<a class=\"elementor-button elementor-button-link elementor-size-sm\" href=\"https:\/\/seniorgr.eu\/fr\/online-banking\/\">\n\t\t\t\t\t\t<span class=\"elementor-button-content-wrapper\">\n\t\t\t\t\t\t\t\t\t<span class=\"elementor-button-text\">weiterlesen<\/span>\n\t\t\t\t\t<\/span>\n\t\t\t\t\t<\/a>\n\t\t\t\t<\/div>\n\t\t\t\t\t\t\t\t<\/div>\n\t\t\t\t<\/div>\n\t\t\t\t\t<\/div>\n\t\t\t\t<\/div>\n\t\t\t\t<\/div>\n\t\t\t\t<div data-elementor-type=\"loop-item\" data-elementor-id=\"631\" class=\"elementor elementor-631 e-loop-item e-loop-item-902 post-902 post type-post status-publish format-standard has-post-thumbnail hentry category-public-fr category-securite-digital category-securite-personnelle\" data-elementor-post-type=\"elementor_library\" data-custom-edit-handle=\"1\">\n\t\t\t<div class=\"elementor-element elementor-element-42d6bb8 e-flex e-con-boxed e-con e-parent\" data-id=\"42d6bb8\" data-element_type=\"container\" data-e-type=\"container\">\n\t\t\t\t\t<div class=\"e-con-inner\">\n\t\t\t\t<div class=\"elementor-element elementor-element-4183571 elementor-widget elementor-widget-theme-post-featured-image elementor-widget-image\" data-id=\"4183571\" data-element_type=\"widget\" data-e-type=\"widget\" data-widget_type=\"theme-post-featured-image.default\">\n\t\t\t\t<div class=\"elementor-widget-container\">\n\t\t\t\t\t\t\t\t\t\t\t\t\t\t\t<img loading=\"lazy\" decoding=\"async\" width=\"1024\" height=\"682\" src=\"https:\/\/seniorgr.eu\/wp-content\/uploads\/2024\/08\/censorship-limitations-freedom-of-expression-restricted-39584-39584-1024x682.jpg\" class=\"attachment-large size-large wp-image-437\" alt=\"\" srcset=\"https:\/\/seniorgr.eu\/wp-content\/uploads\/2024\/08\/censorship-limitations-freedom-of-expression-restricted-39584-39584-1024x682.jpg 1024w, https:\/\/seniorgr.eu\/wp-content\/uploads\/2024\/08\/censorship-limitations-freedom-of-expression-restricted-39584-39584-300x200.jpg 300w, https:\/\/seniorgr.eu\/wp-content\/uploads\/2024\/08\/censorship-limitations-freedom-of-expression-restricted-39584-39584-768x512.jpg 768w, https:\/\/seniorgr.eu\/wp-content\/uploads\/2024\/08\/censorship-limitations-freedom-of-expression-restricted-39584-39584.jpg 1280w\" sizes=\"(max-width: 1024px) 100vw, 1024px\" \/>\t\t\t\t\t\t\t\t\t\t\t\t\t\t\t<\/div>\n\t\t\t\t<\/div>\n\t\t\t\t<div class=\"elementor-element elementor-element-41ab1dd elementor-widget elementor-widget-theme-post-excerpt\" data-id=\"41ab1dd\" data-element_type=\"widget\" data-e-type=\"widget\" data-widget_type=\"theme-post-excerpt.default\">\n\t\t\t\t<div class=\"elementor-widget-container\">\n\t\t\t\t\tComment cr\u00e9er un mot de passe fort ? 1. Utilisez une combinaison de types de caract\u00e8res Un mot de passe s\u00fbr doit contenir diff\u00e9rents types de caract\u00e8res. Un exemple de mot de passe fort pourrait \u00eatre\r\n\t\t\t\t<\/div>\n\t\t\t\t<\/div>\n\t\t\t\t<div class=\"elementor-element elementor-element-d04c6e6 elementor-widget elementor-widget-button\" data-id=\"d04c6e6\" data-element_type=\"widget\" data-e-type=\"widget\" data-widget_type=\"button.default\">\n\t\t\t\t<div class=\"elementor-widget-container\">\n\t\t\t\t\t\t\t\t\t<div class=\"elementor-button-wrapper\">\n\t\t\t\t\t<a class=\"elementor-button elementor-button-link elementor-size-sm\" href=\"https:\/\/seniorgr.eu\/fr\/mot-de-passe-securise\/\">\n\t\t\t\t\t\t<span class=\"elementor-button-content-wrapper\">\n\t\t\t\t\t\t\t\t\t<span class=\"elementor-button-text\">weiterlesen<\/span>\n\t\t\t\t\t<\/span>\n\t\t\t\t\t<\/a>\n\t\t\t\t<\/div>\n\t\t\t\t\t\t\t\t<\/div>\n\t\t\t\t<\/div>\n\t\t\t\t\t<\/div>\n\t\t\t\t<\/div>\n\t\t\t\t<\/div>\n\t\t\t\t<\/div>\n\t\t\n\t\t\t\t\t\t<\/div>\n\t\t\t\t<\/div>\n\t\t\t\t\t<\/div>\n\t\t\t\t<\/div>\n\t\t\t\t<\/div>\n\t\t","protected":false},"excerpt":{"rendered":"<p>Digitale Sicherheit \u00d6ffentlich Pers\u00f6nliche Sicherheit Sicherheit Zuhause Tous les<\/p>\n","protected":false},"author":1,"featured_media":0,"parent":0,"menu_order":0,"comment_status":"closed","ping_status":"closed","template":"","meta":{"_acf_changed":false,"site-sidebar-layout":"no-sidebar","site-content-layout":"","ast-site-content-layout":"full-width-container","site-content-style":"default","site-sidebar-style":"default","ast-global-header-display":"","ast-banner-title-visibility":"","ast-main-header-display":"","ast-hfb-above-header-display":"","ast-hfb-below-header-display":"","ast-hfb-mobile-header-display":"","site-post-title":"disabled","ast-breadcrumbs-content":"","ast-featured-img":"disabled","footer-sml-layout":"","theme-transparent-header-meta":"","adv-header-id-meta":"","stick-header-meta":"","header-above-stick-meta":"","header-main-stick-meta":"","header-below-stick-meta":"","astra-migrate-meta-layouts":"default","ast-page-background-enabled":"default","ast-page-background-meta":{"desktop":{"background-color":"var(--ast-global-color-4)","background-image":"","background-repeat":"repeat","background-position":"center center","background-size":"auto","background-attachment":"scroll","background-type":"","background-media":"","overlay-type":"","overlay-color":"","overlay-opacity":"","overlay-gradient":""},"tablet":{"background-color":"","background-image":"","background-repeat":"repeat","background-position":"center center","background-size":"auto","background-attachment":"scroll","background-type":"","background-media":"","overlay-type":"","overlay-color":"","overlay-opacity":"","overlay-gradient":""},"mobile":{"background-color":"","background-image":"","background-repeat":"repeat","background-position":"center center","background-size":"auto","background-attachment":"scroll","background-type":"","background-media":"","overlay-type":"","overlay-color":"","overlay-opacity":"","overlay-gradient":""}},"ast-content-background-meta":{"desktop":{"background-color":"var(--ast-global-color-5)","background-image":"","background-repeat":"repeat","background-position":"center center","background-size":"auto","background-attachment":"scroll","background-type":"","background-media":"","overlay-type":"","overlay-color":"","overlay-opacity":"","overlay-gradient":""},"tablet":{"background-color":"var(--ast-global-color-5)","background-image":"","background-repeat":"repeat","background-position":"center center","background-size":"auto","background-attachment":"scroll","background-type":"","background-media":"","overlay-type":"","overlay-color":"","overlay-opacity":"","overlay-gradient":""},"mobile":{"background-color":"var(--ast-global-color-5)","background-image":"","background-repeat":"repeat","background-position":"center center","background-size":"auto","background-attachment":"scroll","background-type":"","background-media":"","overlay-type":"","overlay-color":"","overlay-opacity":"","overlay-gradient":""}},"footnotes":""},"class_list":["post-1857","page","type-page","status-publish","hentry"],"acf":[],"_links":{"self":[{"href":"https:\/\/seniorgr.eu\/fr\/wp-json\/wp\/v2\/pages\/1857","targetHints":{"allow":["GET"]}}],"collection":[{"href":"https:\/\/seniorgr.eu\/fr\/wp-json\/wp\/v2\/pages"}],"about":[{"href":"https:\/\/seniorgr.eu\/fr\/wp-json\/wp\/v2\/types\/page"}],"author":[{"embeddable":true,"href":"https:\/\/seniorgr.eu\/fr\/wp-json\/wp\/v2\/users\/1"}],"replies":[{"embeddable":true,"href":"https:\/\/seniorgr.eu\/fr\/wp-json\/wp\/v2\/comments?post=1857"}],"version-history":[{"count":1,"href":"https:\/\/seniorgr.eu\/fr\/wp-json\/wp\/v2\/pages\/1857\/revisions"}],"predecessor-version":[{"id":1858,"href":"https:\/\/seniorgr.eu\/fr\/wp-json\/wp\/v2\/pages\/1857\/revisions\/1858"}],"wp:attachment":[{"href":"https:\/\/seniorgr.eu\/fr\/wp-json\/wp\/v2\/media?parent=1857"}],"curies":[{"name":"wp","href":"https:\/\/api.w.org\/{rel}","templated":true}]}}