{"id":1068,"date":"2024-09-02T12:38:42","date_gmt":"2024-09-02T10:38:42","guid":{"rendered":"https:\/\/seniorgr.eu\/a-propos-de-nous-2\/"},"modified":"2024-10-20T00:00:00","modified_gmt":"2024-10-19T22:00:00","slug":"a-propos-de-nous-2","status":"publish","type":"page","link":"https:\/\/seniorgr.eu\/fr\/a-propos-de-nous-2\/","title":{"rendered":"\u00c0 propos de nous"},"content":{"rendered":"\t\t<div data-elementor-type=\"wp-page\" data-elementor-id=\"1068\" class=\"elementor elementor-1068 elementor-594\" data-elementor-post-type=\"page\">\n\t\t\t\t<div class=\"elementor-element elementor-element-3069fb4 e-flex e-con-boxed e-con e-parent\" data-id=\"3069fb4\" data-element_type=\"container\" data-e-type=\"container\" data-settings=\"{&quot;background_background&quot;:&quot;classic&quot;}\">\n\t\t\t\t\t<div class=\"e-con-inner\">\n\t\t\t\t<div class=\"elementor-element elementor-element-a4ada64 elementor-widget__width-initial elementor-widget elementor-widget-heading\" data-id=\"a4ada64\" data-element_type=\"widget\" data-e-type=\"widget\" data-widget_type=\"heading.default\">\n\t\t\t\t<div class=\"elementor-widget-container\">\n\t\t\t\t\t<h1 class=\"elementor-heading-title elementor-size-default\">\u00c0 propos de nous<\/h1>\t\t\t\t<\/div>\n\t\t\t\t<\/div>\n\t\t\t\t\t<\/div>\n\t\t\t\t<\/div>\n\t\t<div class=\"elementor-element elementor-element-1bf8a74 e-flex e-con-boxed e-con e-parent\" data-id=\"1bf8a74\" data-element_type=\"container\" data-e-type=\"container\">\n\t\t\t\t\t<div class=\"e-con-inner\">\n\t\t<div class=\"elementor-element elementor-element-c802ca5 e-con-full e-flex e-con e-child\" data-id=\"c802ca5\" data-element_type=\"container\" data-e-type=\"container\">\n\t\t\t\t<div class=\"elementor-element elementor-element-b079b17 elementor-widget elementor-widget-heading\" data-id=\"b079b17\" data-element_type=\"widget\" data-e-type=\"widget\" data-widget_type=\"heading.default\">\n\t\t\t\t<div class=\"elementor-widget-container\">\n\t\t\t\t\t<h2 class=\"elementor-heading-title elementor-size-default\">Le premier conseil d'administration<\/h2>\t\t\t\t<\/div>\n\t\t\t\t<\/div>\n\t\t\t\t<div class=\"elementor-element elementor-element-1c07ff8 elementor-widget elementor-widget-text-editor\" data-id=\"1c07ff8\" data-element_type=\"widget\" data-e-type=\"widget\" data-widget_type=\"text-editor.default\">\n\t\t\t\t<div class=\"elementor-widget-container\">\n\t\t\t\t\t\t\t\t\tFond\u00e9 \u00e0 Schengen (Luxembourg) en pr\u00e9sence du bourgmestre Michel Gloden le 27.4.2023, le CSGR est un porte-parole transfrontalier pour les personnes \u00e2g\u00e9es de la Grande R\u00e9gion (Sarre-Lorraine-Luxembourg-Rh\u00e9nanie-Palatinat-Wallonie). <p><a>www.granderegion.net<\/a> <br> But du CSGR : s&rsquo;engager pour le bien-\u00eatre des personnes \u00e2g\u00e9es (seniors) dans la Grande R\u00e9gion, renforcer la participation des seniors dans la soci\u00e9t\u00e9, aborder ensemble les probl\u00e8mes qui se posent dans la Grande R\u00e9gion et \u00e9changer les bonnes pratiques. <br> Les signataires des statuts du CSGR:<br> Arnold Lothar (Sarre), Clement Jeannot (Luxembourg), Demortier Serge (Wallonie), Ribic Esther (EUROP&rsquo;age), Giesen Helmut (Rh\u00e9nanie-Palatinat), Lhermitte Claude (Lorraine), Mauer Romain (Luxembourg),Simon Christian (Wallonie) et Sprenger Antoine (Lorraine).\t\t\t\t\t\t\t\t<\/div>\n\t\t\t\t<\/div>\n\t\t\t\t<\/div>\n\t\t<div class=\"elementor-element elementor-element-8ca64a6 e-con-full e-flex e-con e-child\" data-id=\"8ca64a6\" data-element_type=\"container\" data-e-type=\"container\">\n\t\t\t\t<div class=\"elementor-element elementor-element-9c9f13d elementor-widget elementor-widget-image\" data-id=\"9c9f13d\" data-element_type=\"widget\" data-e-type=\"widget\" data-widget_type=\"image.default\">\n\t\t\t\t<div class=\"elementor-widget-container\">\n\t\t\t\t\t\t\t\t\t\t\t\t\t\t\t<img fetchpriority=\"high\" decoding=\"async\" width=\"1000\" height=\"750\" src=\"https:\/\/seniorgr.eu\/wp-content\/uploads\/2024\/10\/Erster-Vorstand.png\" class=\"attachment-large size-large wp-image-1006\" alt=\"\" srcset=\"https:\/\/seniorgr.eu\/wp-content\/uploads\/2024\/10\/Erster-Vorstand.png 1000w, https:\/\/seniorgr.eu\/wp-content\/uploads\/2024\/10\/Erster-Vorstand-300x225.png 300w, https:\/\/seniorgr.eu\/wp-content\/uploads\/2024\/10\/Erster-Vorstand-768x576.png 768w\" sizes=\"(max-width: 1000px) 100vw, 1000px\" \/>\t\t\t\t\t\t\t\t\t\t\t\t\t\t\t<\/div>\n\t\t\t\t<\/div>\n\t\t\t\t<\/div>\n\t\t\t\t\t<\/div>\n\t\t\t\t<\/div>\n\t\t\t\t<\/div>\n\t\t","protected":false},"excerpt":{"rendered":"<p>\u00c0 propos de nous Le premier conseil d&rsquo;administration Fond\u00e9 \u00e0 Schengen (Luxembourg) en pr\u00e9sence du bourgmestre Michel Gloden le 27.4.2023, le CSGR est un porte-parole transfrontalier pour les personnes \u00e2g\u00e9es [&hellip;]<\/p>\n","protected":false},"author":1,"featured_media":0,"parent":0,"menu_order":0,"comment_status":"closed","ping_status":"closed","template":"","meta":{"_acf_changed":false,"site-sidebar-layout":"default","site-content-layout":"","ast-site-content-layout":"","site-content-style":"default","site-sidebar-style":"default","ast-global-header-display":"","ast-banner-title-visibility":"","ast-main-header-display":"","ast-hfb-above-header-display":"","ast-hfb-below-header-display":"","ast-hfb-mobile-header-display":"","site-post-title":"","ast-breadcrumbs-content":"","ast-featured-img":"","footer-sml-layout":"","theme-transparent-header-meta":"","adv-header-id-meta":"","stick-header-meta":"","header-above-stick-meta":"","header-main-stick-meta":"","header-below-stick-meta":"","astra-migrate-meta-layouts":"default","ast-page-background-enabled":"default","ast-page-background-meta":{"desktop":{"background-color":"var(--ast-global-color-4)","background-image":"","background-repeat":"repeat","background-position":"center center","background-size":"auto","background-attachment":"scroll","background-type":"","background-media":"","overlay-type":"","overlay-color":"","overlay-opacity":"","overlay-gradient":""},"tablet":{"background-color":"","background-image":"","background-repeat":"repeat","background-position":"center center","background-size":"auto","background-attachment":"scroll","background-type":"","background-media":"","overlay-type":"","overlay-color":"","overlay-opacity":"","overlay-gradient":""},"mobile":{"background-color":"","background-image":"","background-repeat":"repeat","background-position":"center center","background-size":"auto","background-attachment":"scroll","background-type":"","background-media":"","overlay-type":"","overlay-color":"","overlay-opacity":"","overlay-gradient":""}},"ast-content-background-meta":{"desktop":{"background-color":"var(--ast-global-color-5)","background-image":"","background-repeat":"repeat","background-position":"center center","background-size":"auto","background-attachment":"scroll","background-type":"","background-media":"","overlay-type":"","overlay-color":"","overlay-opacity":"","overlay-gradient":""},"tablet":{"background-color":"var(--ast-global-color-5)","background-image":"","background-repeat":"repeat","background-position":"center center","background-size":"auto","background-attachment":"scroll","background-type":"","background-media":"","overlay-type":"","overlay-color":"","overlay-opacity":"","overlay-gradient":""},"mobile":{"background-color":"var(--ast-global-color-5)","background-image":"","background-repeat":"repeat","background-position":"center center","background-size":"auto","background-attachment":"scroll","background-type":"","background-media":"","overlay-type":"","overlay-color":"","overlay-opacity":"","overlay-gradient":""}},"footnotes":""},"class_list":["post-1068","page","type-page","status-publish","hentry"],"acf":[],"_links":{"self":[{"href":"https:\/\/seniorgr.eu\/fr\/wp-json\/wp\/v2\/pages\/1068","targetHints":{"allow":["GET"]}}],"collection":[{"href":"https:\/\/seniorgr.eu\/fr\/wp-json\/wp\/v2\/pages"}],"about":[{"href":"https:\/\/seniorgr.eu\/fr\/wp-json\/wp\/v2\/types\/page"}],"author":[{"embeddable":true,"href":"https:\/\/seniorgr.eu\/fr\/wp-json\/wp\/v2\/users\/1"}],"replies":[{"embeddable":true,"href":"https:\/\/seniorgr.eu\/fr\/wp-json\/wp\/v2\/comments?post=1068"}],"version-history":[{"count":3,"href":"https:\/\/seniorgr.eu\/fr\/wp-json\/wp\/v2\/pages\/1068\/revisions"}],"predecessor-version":[{"id":1899,"href":"https:\/\/seniorgr.eu\/fr\/wp-json\/wp\/v2\/pages\/1068\/revisions\/1899"}],"wp:attachment":[{"href":"https:\/\/seniorgr.eu\/fr\/wp-json\/wp\/v2\/media?parent=1068"}],"curies":[{"name":"wp","href":"https:\/\/api.w.org\/{rel}","templated":true}]}}